{"id":4,"date":"2019-07-31T13:42:54","date_gmt":"2019-07-31T13:42:54","guid":{"rendered":"http:\/\/albergo-allaspiaggia.ms.decms.eu\/?page_id=4"},"modified":"2020-01-09T14:03:49","modified_gmt":"2020-01-09T14:03:49","slug":"albergo-alla-spiaggia","status":"publish","type":"page","link":"https:\/\/www.albergoallaspiaggia.it\/de\/","title":{"rendered":"Albergo alla Spiaggia"},"content":{"rendered":"<p><strong>Ein einzigartig gelegenes Hotel in Grado<\/strong>. Das Hotel Albergo alla Spiaggia liegt direkt am Meer in der Altstadt der Insel Grado, dieser Perle der n\u00f6rdlichen Adria, und war schon Anfang des 20. Jahrhunderts eines der ersten modernen Hotels dieser touristischen Ortschaft. Eine suggestive Epoche, die die mitteleurop\u00e4ische Faszination heraufbeschw\u00f6rt und in einer eleganten Architektur weiterlebt, mit neuen Tendenzen des Interior Designs, in dem die G\u00e4ste herzlich und professional aufgenommen werden.<\/p>\n<p><strong>Die Freude an einem Feinschmeckerurlaub.<\/strong><br \/>\nDas Hotel Albergo alla Spiaggia hebt sich von anderen Hotels in Grado auch durch seine K\u00fcche ab, die auf frischen Fischspeisen, hochwertigen Produkten aus dem Friaul und einer Weinauswahl f\u00fcr Kenner basiert.<\/p>\n<p>Mit den traditionellen Fischerrezepten Grados und <strong>den Spezialit\u00e4ten der italienischen<\/strong> K\u00fcche wird man allen Anforderungen gerecht, auch den anspruchsvollsten und sophistiziertesten. Ein Grund mehr, um sich f\u00fcr das Hotel Albergo alla Spiaggia zu entscheiden und einen unvergesslichen Urlaub in Grado zu verbringen.<\/p>\n<p><strong>Serviceleistungen nach Ma\u00df, f\u00fcr grenzenlose Entspannung<\/strong>.<br \/>\nDas Team des Hotels Albergo alla Spiaggia steht Ihnen rund um die Uhr f\u00fcr jedes Anliegen und jeden Wunsch zur Verf\u00fcgung. <strong>Nur wenige Schritte vom eleganten Strand Grados<\/strong>, von den bekannten Meerwasserthermen, vom Hafen und vom antiken Dorf entfernt ist das Hotel Albergo alla Spiaggia idealer Ausgangspunkt zur Erkundung der magischen Lagune Grados, des antiken Aquileia, des restlichen Friauls und den daran angrenzenden L\u00e4ndern \u00d6sterreich und Slowenien sowie der Halbinsel von Istrien.<\/p>\n","protected":false},"excerpt":{"rendered":"<p>Ein einzigartig gelegenes Hotel in Grado. Das Hotel Albergo alla Spiaggia liegt direkt am Meer in der Altstadt der Insel Grado, dieser Perle der n\u00f6rdlichen Adria, und war schon Anfang des 20. Jahrhunderts eines der ersten modernen Hotels dieser touristischen Ortschaft. Eine suggestive Epoche, die die mitteleurop\u00e4ische Faszination heraufbeschw\u00f6rt und in einer eleganten Architektur weiterlebt, [&hellip;]<\/p>\n","protected":false},"author":7,"featured_media":0,"parent":0,"menu_order":0,"comment_status":"closed","ping_status":"open","template":"","meta":{"footnotes":""},"class_list":["post-4","page","type-page","status-publish","hentry"],"yoast_head":"<!-- This site is optimized with the Yoast SEO plugin v26.9 - https:\/\/yoast.com\/product\/yoast-seo-wordpress\/ -->\n<title>Albergo alla Spiaggia - Albergo alla Spiaggia<\/title>\n<meta name=\"robots\" content=\"index, follow, max-snippet:-1, max-image-preview:large, max-video-preview:-1\" \/>\n<link rel=\"canonical\" href=\"https:\/\/www.albergoallaspiaggia.it\/de\/\" \/>\n<meta property=\"og:locale\" content=\"de_DE\" \/>\n<meta property=\"og:type\" content=\"article\" \/>\n<meta property=\"og:title\" content=\"Albergo alla Spiaggia - Albergo alla Spiaggia\" \/>\n<meta property=\"og:description\" content=\"Ein einzigartig gelegenes Hotel in Grado. Das Hotel Albergo alla Spiaggia liegt direkt am Meer in der Altstadt der Insel Grado, dieser Perle der n\u00f6rdlichen Adria, und war schon Anfang des 20. Jahrhunderts eines der ersten modernen Hotels dieser touristischen Ortschaft. Eine suggestive Epoche, die die mitteleurop\u00e4ische Faszination heraufbeschw\u00f6rt und in einer eleganten Architektur weiterlebt, [&hellip;]\" \/>\n<meta property=\"og:url\" content=\"https:\/\/www.albergoallaspiaggia.it\/de\/\" \/>\n<meta property=\"og:site_name\" content=\"Albergo alla Spiaggia\" \/>\n<meta property=\"article:modified_time\" content=\"2020-01-09T14:03:49+00:00\" \/>\n<meta name=\"twitter:card\" content=\"summary_large_image\" \/>\n<meta name=\"twitter:label1\" content=\"Gesch\u00e4tzte Lesezeit\" \/>\n\t<meta name=\"twitter:data1\" content=\"1 Minute\" \/>\n<script type=\"application\/ld+json\" class=\"yoast-schema-graph\">{\"@context\":\"https:\/\/schema.org\",\"@graph\":[{\"@type\":\"WebPage\",\"@id\":\"https:\/\/www.albergoallaspiaggia.it\/de\/\",\"url\":\"https:\/\/www.albergoallaspiaggia.it\/de\/\",\"name\":\"Albergo alla Spiaggia - Albergo alla Spiaggia\",\"isPartOf\":{\"@id\":\"https:\/\/www.albergoallaspiaggia.it\/de\/#website\"},\"datePublished\":\"2019-07-31T13:42:54+00:00\",\"dateModified\":\"2020-01-09T14:03:49+00:00\",\"breadcrumb\":{\"@id\":\"https:\/\/www.albergoallaspiaggia.it\/de\/#breadcrumb\"},\"inLanguage\":\"de-DE\",\"potentialAction\":[{\"@type\":\"ReadAction\",\"target\":[\"https:\/\/www.albergoallaspiaggia.it\/de\/\"]}]},{\"@type\":\"BreadcrumbList\",\"@id\":\"https:\/\/www.albergoallaspiaggia.it\/de\/#breadcrumb\",\"itemListElement\":[{\"@type\":\"ListItem\",\"position\":1,\"name\":\"Home\",\"item\":\"https:\/\/www.albergoallaspiaggia.it\/de\/\"},{\"@type\":\"ListItem\",\"position\":2,\"name\":\"Albergo alla Spiaggia\"}]},{\"@type\":\"WebSite\",\"@id\":\"https:\/\/www.albergoallaspiaggia.it\/de\/#website\",\"url\":\"https:\/\/www.albergoallaspiaggia.it\/de\/\",\"name\":\"Albergo alla Spiaggia\",\"description\":\"Just another ms.decms.eu site\",\"potentialAction\":[{\"@type\":\"SearchAction\",\"target\":{\"@type\":\"EntryPoint\",\"urlTemplate\":\"https:\/\/www.albergoallaspiaggia.it\/de\/?s={search_term_string}\"},\"query-input\":{\"@type\":\"PropertyValueSpecification\",\"valueRequired\":true,\"valueName\":\"search_term_string\"}}],\"inLanguage\":\"de-DE\"}]}<\/script>\n<!-- \/ Yoast SEO plugin. -->","yoast_head_json":{"title":"Albergo alla Spiaggia - Albergo alla Spiaggia","robots":{"index":"index","follow":"follow","max-snippet":"max-snippet:-1","max-image-preview":"max-image-preview:large","max-video-preview":"max-video-preview:-1"},"canonical":"https:\/\/www.albergoallaspiaggia.it\/de\/","og_locale":"de_DE","og_type":"article","og_title":"Albergo alla Spiaggia - Albergo alla Spiaggia","og_description":"Ein einzigartig gelegenes Hotel in Grado. Das Hotel Albergo alla Spiaggia liegt direkt am Meer in der Altstadt der Insel Grado, dieser Perle der n\u00f6rdlichen Adria, und war schon Anfang des 20. Jahrhunderts eines der ersten modernen Hotels dieser touristischen Ortschaft. Eine suggestive Epoche, die die mitteleurop\u00e4ische Faszination heraufbeschw\u00f6rt und in einer eleganten Architektur weiterlebt, [&hellip;]","og_url":"https:\/\/www.albergoallaspiaggia.it\/de\/","og_site_name":"Albergo alla Spiaggia","article_modified_time":"2020-01-09T14:03:49+00:00","twitter_card":"summary_large_image","twitter_misc":{"Gesch\u00e4tzte Lesezeit":"1 Minute"},"schema":{"@context":"https:\/\/schema.org","@graph":[{"@type":"WebPage","@id":"https:\/\/www.albergoallaspiaggia.it\/de\/","url":"https:\/\/www.albergoallaspiaggia.it\/de\/","name":"Albergo alla Spiaggia - Albergo alla Spiaggia","isPartOf":{"@id":"https:\/\/www.albergoallaspiaggia.it\/de\/#website"},"datePublished":"2019-07-31T13:42:54+00:00","dateModified":"2020-01-09T14:03:49+00:00","breadcrumb":{"@id":"https:\/\/www.albergoallaspiaggia.it\/de\/#breadcrumb"},"inLanguage":"de-DE","potentialAction":[{"@type":"ReadAction","target":["https:\/\/www.albergoallaspiaggia.it\/de\/"]}]},{"@type":"BreadcrumbList","@id":"https:\/\/www.albergoallaspiaggia.it\/de\/#breadcrumb","itemListElement":[{"@type":"ListItem","position":1,"name":"Home","item":"https:\/\/www.albergoallaspiaggia.it\/de\/"},{"@type":"ListItem","position":2,"name":"Albergo alla Spiaggia"}]},{"@type":"WebSite","@id":"https:\/\/www.albergoallaspiaggia.it\/de\/#website","url":"https:\/\/www.albergoallaspiaggia.it\/de\/","name":"Albergo alla Spiaggia","description":"Just another ms.decms.eu site","potentialAction":[{"@type":"SearchAction","target":{"@type":"EntryPoint","urlTemplate":"https:\/\/www.albergoallaspiaggia.it\/de\/?s={search_term_string}"},"query-input":{"@type":"PropertyValueSpecification","valueRequired":true,"valueName":"search_term_string"}}],"inLanguage":"de-DE"}]}},"acf":[],"_links":{"self":[{"href":"https:\/\/www.albergoallaspiaggia.it\/de\/wp-json\/wp\/v2\/pages\/4","targetHints":{"allow":["GET"]}}],"collection":[{"href":"https:\/\/www.albergoallaspiaggia.it\/de\/wp-json\/wp\/v2\/pages"}],"about":[{"href":"https:\/\/www.albergoallaspiaggia.it\/de\/wp-json\/wp\/v2\/types\/page"}],"author":[{"embeddable":true,"href":"https:\/\/www.albergoallaspiaggia.it\/de\/wp-json\/wp\/v2\/users\/7"}],"replies":[{"embeddable":true,"href":"https:\/\/www.albergoallaspiaggia.it\/de\/wp-json\/wp\/v2\/comments?post=4"}],"version-history":[{"count":0,"href":"https:\/\/www.albergoallaspiaggia.it\/de\/wp-json\/wp\/v2\/pages\/4\/revisions"}],"wp:attachment":[{"href":"https:\/\/www.albergoallaspiaggia.it\/de\/wp-json\/wp\/v2\/media?parent=4"}],"curies":[{"name":"wp","href":"https:\/\/api.w.org\/{rel}","templated":true}]}}