{"id":673,"date":"2020-01-09T14:57:27","date_gmt":"2020-01-09T14:57:27","guid":{"rendered":"http:\/\/albergo-allaspiaggia.ms.decms.eu\/?page_id=673"},"modified":"2020-01-09T15:00:04","modified_gmt":"2020-01-09T15:00:04","slug":"lage","status":"publish","type":"page","link":"https:\/\/www.albergoallaspiaggia.it\/de\/lage\/","title":{"rendered":"Lage"},"content":{"rendered":"<p>Unser Hotel liegt in der Fu\u00dfg\u00e4ngerzone. Zum Ein- bzw.<\/p>\n<p>Ausladen Ihres Gep\u00e4cks k\u00f6nnen Sie Ihr Auto kurz vor dem Hotel parken. Unseren G\u00e4sten steht nach vorheriger Reservierung und gegen Aufpreis ein unbewachter Langzeitparkplatz zur Verf\u00fcgung.<\/p>\n<p><strong>F\u00fcr weitere Informationen k\u00f6nnen <a href=\"http:\/\/albergo-allaspiaggia.ms.decms.eu\/de\/kontakt\/\" target=\"_blank\" rel=\"noopener noreferrer\">Sie sich gerne direkt an uns wenden<\/a>.<\/strong><\/p>\n","protected":false},"excerpt":{"rendered":"<p>Unser Hotel liegt in der Fu\u00dfg\u00e4ngerzone. Zum Ein- bzw. Ausladen Ihres Gep\u00e4cks k\u00f6nnen Sie Ihr Auto kurz vor dem Hotel parken. Unseren G\u00e4sten steht nach vorheriger Reservierung und gegen Aufpreis ein unbewachter Langzeitparkplatz zur Verf\u00fcgung. F\u00fcr weitere Informationen k\u00f6nnen Sie sich gerne direkt an uns wenden.<\/p>\n","protected":false},"author":7,"featured_media":0,"parent":0,"menu_order":500,"comment_status":"closed","ping_status":"closed","template":"template-hotel.php","meta":{"footnotes":""},"class_list":["post-673","page","type-page","status-publish","hentry"],"yoast_head":"<!-- This site is optimized with the Yoast SEO plugin v26.9 - https:\/\/yoast.com\/product\/yoast-seo-wordpress\/ -->\n<title>Lage - Albergo alla Spiaggia<\/title>\n<meta name=\"robots\" content=\"index, follow, max-snippet:-1, max-image-preview:large, max-video-preview:-1\" \/>\n<link rel=\"canonical\" href=\"https:\/\/www.albergoallaspiaggia.it\/de\/lage\/\" \/>\n<meta property=\"og:locale\" content=\"de_DE\" \/>\n<meta property=\"og:type\" content=\"article\" \/>\n<meta property=\"og:title\" content=\"Lage - Albergo alla Spiaggia\" \/>\n<meta property=\"og:description\" content=\"Unser Hotel liegt in der Fu\u00dfg\u00e4ngerzone. Zum Ein- bzw. Ausladen Ihres Gep\u00e4cks k\u00f6nnen Sie Ihr Auto kurz vor dem Hotel parken. Unseren G\u00e4sten steht nach vorheriger Reservierung und gegen Aufpreis ein unbewachter Langzeitparkplatz zur Verf\u00fcgung. F\u00fcr weitere Informationen k\u00f6nnen Sie sich gerne direkt an uns wenden.\" \/>\n<meta property=\"og:url\" content=\"https:\/\/www.albergoallaspiaggia.it\/de\/lage\/\" \/>\n<meta property=\"og:site_name\" content=\"Albergo alla Spiaggia\" \/>\n<meta property=\"article:modified_time\" content=\"2020-01-09T15:00:04+00:00\" \/>\n<meta name=\"twitter:card\" content=\"summary_large_image\" \/>\n<script type=\"application\/ld+json\" class=\"yoast-schema-graph\">{\"@context\":\"https:\/\/schema.org\",\"@graph\":[{\"@type\":\"WebPage\",\"@id\":\"https:\/\/www.albergoallaspiaggia.it\/de\/lage\/\",\"url\":\"https:\/\/www.albergoallaspiaggia.it\/de\/lage\/\",\"name\":\"Lage - Albergo alla Spiaggia\",\"isPartOf\":{\"@id\":\"https:\/\/www.albergoallaspiaggia.it\/de\/#website\"},\"datePublished\":\"2020-01-09T14:57:27+00:00\",\"dateModified\":\"2020-01-09T15:00:04+00:00\",\"breadcrumb\":{\"@id\":\"https:\/\/www.albergoallaspiaggia.it\/de\/lage\/#breadcrumb\"},\"inLanguage\":\"de-DE\",\"potentialAction\":[{\"@type\":\"ReadAction\",\"target\":[\"https:\/\/www.albergoallaspiaggia.it\/de\/lage\/\"]}]},{\"@type\":\"BreadcrumbList\",\"@id\":\"https:\/\/www.albergoallaspiaggia.it\/de\/lage\/#breadcrumb\",\"itemListElement\":[{\"@type\":\"ListItem\",\"position\":1,\"name\":\"Home\",\"item\":\"https:\/\/www.albergoallaspiaggia.it\/de\/\"},{\"@type\":\"ListItem\",\"position\":2,\"name\":\"Lage\"}]},{\"@type\":\"WebSite\",\"@id\":\"https:\/\/www.albergoallaspiaggia.it\/de\/#website\",\"url\":\"https:\/\/www.albergoallaspiaggia.it\/de\/\",\"name\":\"Albergo alla Spiaggia\",\"description\":\"Just another ms.decms.eu site\",\"potentialAction\":[{\"@type\":\"SearchAction\",\"target\":{\"@type\":\"EntryPoint\",\"urlTemplate\":\"https:\/\/www.albergoallaspiaggia.it\/de\/?s={search_term_string}\"},\"query-input\":{\"@type\":\"PropertyValueSpecification\",\"valueRequired\":true,\"valueName\":\"search_term_string\"}}],\"inLanguage\":\"de-DE\"}]}<\/script>\n<!-- \/ Yoast SEO plugin. -->","yoast_head_json":{"title":"Lage - Albergo alla Spiaggia","robots":{"index":"index","follow":"follow","max-snippet":"max-snippet:-1","max-image-preview":"max-image-preview:large","max-video-preview":"max-video-preview:-1"},"canonical":"https:\/\/www.albergoallaspiaggia.it\/de\/lage\/","og_locale":"de_DE","og_type":"article","og_title":"Lage - Albergo alla Spiaggia","og_description":"Unser Hotel liegt in der Fu\u00dfg\u00e4ngerzone. Zum Ein- bzw. Ausladen Ihres Gep\u00e4cks k\u00f6nnen Sie Ihr Auto kurz vor dem Hotel parken. Unseren G\u00e4sten steht nach vorheriger Reservierung und gegen Aufpreis ein unbewachter Langzeitparkplatz zur Verf\u00fcgung. F\u00fcr weitere Informationen k\u00f6nnen Sie sich gerne direkt an uns wenden.","og_url":"https:\/\/www.albergoallaspiaggia.it\/de\/lage\/","og_site_name":"Albergo alla Spiaggia","article_modified_time":"2020-01-09T15:00:04+00:00","twitter_card":"summary_large_image","schema":{"@context":"https:\/\/schema.org","@graph":[{"@type":"WebPage","@id":"https:\/\/www.albergoallaspiaggia.it\/de\/lage\/","url":"https:\/\/www.albergoallaspiaggia.it\/de\/lage\/","name":"Lage - Albergo alla Spiaggia","isPartOf":{"@id":"https:\/\/www.albergoallaspiaggia.it\/de\/#website"},"datePublished":"2020-01-09T14:57:27+00:00","dateModified":"2020-01-09T15:00:04+00:00","breadcrumb":{"@id":"https:\/\/www.albergoallaspiaggia.it\/de\/lage\/#breadcrumb"},"inLanguage":"de-DE","potentialAction":[{"@type":"ReadAction","target":["https:\/\/www.albergoallaspiaggia.it\/de\/lage\/"]}]},{"@type":"BreadcrumbList","@id":"https:\/\/www.albergoallaspiaggia.it\/de\/lage\/#breadcrumb","itemListElement":[{"@type":"ListItem","position":1,"name":"Home","item":"https:\/\/www.albergoallaspiaggia.it\/de\/"},{"@type":"ListItem","position":2,"name":"Lage"}]},{"@type":"WebSite","@id":"https:\/\/www.albergoallaspiaggia.it\/de\/#website","url":"https:\/\/www.albergoallaspiaggia.it\/de\/","name":"Albergo alla Spiaggia","description":"Just another ms.decms.eu site","potentialAction":[{"@type":"SearchAction","target":{"@type":"EntryPoint","urlTemplate":"https:\/\/www.albergoallaspiaggia.it\/de\/?s={search_term_string}"},"query-input":{"@type":"PropertyValueSpecification","valueRequired":true,"valueName":"search_term_string"}}],"inLanguage":"de-DE"}]}},"acf":[],"_links":{"self":[{"href":"https:\/\/www.albergoallaspiaggia.it\/de\/wp-json\/wp\/v2\/pages\/673","targetHints":{"allow":["GET"]}}],"collection":[{"href":"https:\/\/www.albergoallaspiaggia.it\/de\/wp-json\/wp\/v2\/pages"}],"about":[{"href":"https:\/\/www.albergoallaspiaggia.it\/de\/wp-json\/wp\/v2\/types\/page"}],"author":[{"embeddable":true,"href":"https:\/\/www.albergoallaspiaggia.it\/de\/wp-json\/wp\/v2\/users\/7"}],"replies":[{"embeddable":true,"href":"https:\/\/www.albergoallaspiaggia.it\/de\/wp-json\/wp\/v2\/comments?post=673"}],"version-history":[{"count":0,"href":"https:\/\/www.albergoallaspiaggia.it\/de\/wp-json\/wp\/v2\/pages\/673\/revisions"}],"wp:attachment":[{"href":"https:\/\/www.albergoallaspiaggia.it\/de\/wp-json\/wp\/v2\/media?parent=673"}],"curies":[{"name":"wp","href":"https:\/\/api.w.org\/{rel}","templated":true}]}}