{"id":674,"date":"2020-01-09T15:04:03","date_gmt":"2020-01-09T15:04:03","guid":{"rendered":"http:\/\/albergo-allaspiaggia.ms.decms.eu\/?page_id=674"},"modified":"2020-01-09T15:04:21","modified_gmt":"2020-01-09T15:04:21","slug":"umgebung","status":"publish","type":"page","link":"https:\/\/www.albergoallaspiaggia.it\/de\/umgebung\/","title":{"rendered":"Umgebung"},"content":{"rendered":"<p>Ein Flughafen, ein Bahnhof und gleich mehrere Autobahnausfahrten ganz in der N\u00e4he: Grado ist verkehrstechnisch hervorragend angebunden und sowohl vom Land als auch im Sommer vom Meer aus leicht erreichbar.<\/p>\n<p>Selbst wenn Sie kein eigenes Fahrzeug zur Verf\u00fcgung haben sollten, k\u00f6nnen Sie dennoch mit dem Bus oder dem Boot von Grado aus sch\u00f6ne Ausfl\u00fcge unternehmen. Genie\u00dfen Sie die landschaftliche, st\u00e4dtebauliche, nat\u00fcrliche, historische und kulturelle Vielfalt; erleben Sie das au\u00dfergew\u00f6hnliche Flair eines Grenzgebiets mit seinen friaulischen, julischen, venezianischen, Habsburger und mitteleurop\u00e4ischen Einfl\u00fcssen.<\/p>\n<p>Wenn Sie m\u00f6chten sogar alles an einem Tag: vom Meer mit seinen feinen Sandstr\u00e4nden und felsigen K\u00fcstenstreifen \u00fcber die sanft geschwungenen H\u00fcgel in die Berge.<br \/>\n<strong>Von Venedig bis nach Triest oder sogar weiter nach \u00d6sterreich, Slowenien und Istrien.<\/strong><\/p>\n<p>Es erwarten Sie au\u00dferdem drei Unesco-Welterbest\u00e4tten. Aquileia, die r\u00f6mische Stadt mit der wundersch\u00f6nen Basilika und dem kostbaren fr\u00fchchristlichen Mosaik, nur ein paar Kilometer von Grado entfernt; Palmanova, die sternf\u00f6rmige Festungsstadt der Venezianer; Cividale, die Stadt von Julius Caesar und der Langobarden, die von den herausragenden Weinen der \u201eColli Orientali\u201c (\u00d6stliche H\u00fcgel) des Friauls erz\u00e4hlt.<\/p>\n<p>\u00dcberhaupt, die St\u00e4dte. Udine, die zweitgr\u00f6\u00dfte Stadt der Region, mit dem Schloss und den Gastwirtschaften; die Stadt Tiepolos, typisch friaulisch aber mit unverkennbar venezianischen Einschl\u00e4gen. G\u00f6rz, das Nizza der Habsburger, keine Grenzstadt, sondern Stadt an der Grenze, von H\u00fcgeln und Weinbergen umgeben, inmitten des bekannten \u201eCollio\u201c (H\u00fcgelland), der weltweit f\u00fcr gro\u00dfartige Wei\u00dfweine steht. Zu guter Letzt Triest, die Hauptstadt der Region, die Stadt der \u201eBora\u201d (Nordostwind) und der \u201eBarcolana\u201d (gr\u00f6\u00dfte Segelregatta Europas), die von dem Golf von Triest und dem Karstgebirge mit seinen unz\u00e4hligen H\u00f6hlen und Weinbergen auf steinigem Boden eingerahmt wird. Die Stadt ist von einer mitteleurop\u00e4ischen Atmosph\u00e4re durchdrungen, mit ihren einmaligen historischen Kaffeeh\u00e4usern und ihren Ufern, seit jeher Schnittpunkt der V\u00f6lker, Sprachen und Kulturen. Triest, die Stadt ber\u00fchmter Schriftsteller wie Svevo, Saba, Magris und James Joyce.<\/p>\n<p><strong>Und dann die Schl\u00f6sser, Miramare und Duino, hoch \u00fcber dem Meer, mit herrlichem Ausblick auf den Golf von Triest.<\/strong><\/p>\n","protected":false},"excerpt":{"rendered":"<p>Ein Flughafen, ein Bahnhof und gleich mehrere Autobahnausfahrten ganz in der N\u00e4he: Grado ist verkehrstechnisch hervorragend angebunden und sowohl vom Land als auch im Sommer vom Meer aus leicht erreichbar. Selbst wenn Sie kein eigenes Fahrzeug zur Verf\u00fcgung haben sollten, k\u00f6nnen Sie dennoch mit dem Bus oder dem Boot von Grado aus sch\u00f6ne Ausfl\u00fcge unternehmen. [&hellip;]<\/p>\n","protected":false},"author":7,"featured_media":0,"parent":0,"menu_order":35,"comment_status":"closed","ping_status":"closed","template":"template-hotel.php","meta":{"footnotes":""},"class_list":["post-674","page","type-page","status-publish","hentry"],"yoast_head":"<!-- This site is optimized with the Yoast SEO plugin v26.9 - https:\/\/yoast.com\/product\/yoast-seo-wordpress\/ -->\n<title>Umgebung - Albergo alla Spiaggia<\/title>\n<meta name=\"robots\" content=\"index, follow, max-snippet:-1, max-image-preview:large, max-video-preview:-1\" \/>\n<link rel=\"canonical\" href=\"https:\/\/www.albergoallaspiaggia.it\/de\/umgebung\/\" \/>\n<meta property=\"og:locale\" content=\"de_DE\" \/>\n<meta property=\"og:type\" content=\"article\" \/>\n<meta property=\"og:title\" content=\"Umgebung - Albergo alla Spiaggia\" \/>\n<meta property=\"og:description\" content=\"Ein Flughafen, ein Bahnhof und gleich mehrere Autobahnausfahrten ganz in der N\u00e4he: Grado ist verkehrstechnisch hervorragend angebunden und sowohl vom Land als auch im Sommer vom Meer aus leicht erreichbar. Selbst wenn Sie kein eigenes Fahrzeug zur Verf\u00fcgung haben sollten, k\u00f6nnen Sie dennoch mit dem Bus oder dem Boot von Grado aus sch\u00f6ne Ausfl\u00fcge unternehmen. [&hellip;]\" \/>\n<meta property=\"og:url\" content=\"https:\/\/www.albergoallaspiaggia.it\/de\/umgebung\/\" \/>\n<meta property=\"og:site_name\" content=\"Albergo alla Spiaggia\" \/>\n<meta property=\"article:modified_time\" content=\"2020-01-09T15:04:21+00:00\" \/>\n<meta name=\"twitter:card\" content=\"summary_large_image\" \/>\n<meta name=\"twitter:label1\" content=\"Gesch\u00e4tzte Lesezeit\" \/>\n\t<meta name=\"twitter:data1\" content=\"2 Minuten\" \/>\n<script type=\"application\/ld+json\" class=\"yoast-schema-graph\">{\"@context\":\"https:\/\/schema.org\",\"@graph\":[{\"@type\":\"WebPage\",\"@id\":\"https:\/\/www.albergoallaspiaggia.it\/de\/umgebung\/\",\"url\":\"https:\/\/www.albergoallaspiaggia.it\/de\/umgebung\/\",\"name\":\"Umgebung - Albergo alla Spiaggia\",\"isPartOf\":{\"@id\":\"https:\/\/www.albergoallaspiaggia.it\/de\/#website\"},\"datePublished\":\"2020-01-09T15:04:03+00:00\",\"dateModified\":\"2020-01-09T15:04:21+00:00\",\"breadcrumb\":{\"@id\":\"https:\/\/www.albergoallaspiaggia.it\/de\/umgebung\/#breadcrumb\"},\"inLanguage\":\"de-DE\",\"potentialAction\":[{\"@type\":\"ReadAction\",\"target\":[\"https:\/\/www.albergoallaspiaggia.it\/de\/umgebung\/\"]}]},{\"@type\":\"BreadcrumbList\",\"@id\":\"https:\/\/www.albergoallaspiaggia.it\/de\/umgebung\/#breadcrumb\",\"itemListElement\":[{\"@type\":\"ListItem\",\"position\":1,\"name\":\"Home\",\"item\":\"https:\/\/www.albergoallaspiaggia.it\/de\/\"},{\"@type\":\"ListItem\",\"position\":2,\"name\":\"Umgebung\"}]},{\"@type\":\"WebSite\",\"@id\":\"https:\/\/www.albergoallaspiaggia.it\/de\/#website\",\"url\":\"https:\/\/www.albergoallaspiaggia.it\/de\/\",\"name\":\"Albergo alla Spiaggia\",\"description\":\"Just another ms.decms.eu site\",\"potentialAction\":[{\"@type\":\"SearchAction\",\"target\":{\"@type\":\"EntryPoint\",\"urlTemplate\":\"https:\/\/www.albergoallaspiaggia.it\/de\/?s={search_term_string}\"},\"query-input\":{\"@type\":\"PropertyValueSpecification\",\"valueRequired\":true,\"valueName\":\"search_term_string\"}}],\"inLanguage\":\"de-DE\"}]}<\/script>\n<!-- \/ Yoast SEO plugin. -->","yoast_head_json":{"title":"Umgebung - Albergo alla Spiaggia","robots":{"index":"index","follow":"follow","max-snippet":"max-snippet:-1","max-image-preview":"max-image-preview:large","max-video-preview":"max-video-preview:-1"},"canonical":"https:\/\/www.albergoallaspiaggia.it\/de\/umgebung\/","og_locale":"de_DE","og_type":"article","og_title":"Umgebung - Albergo alla Spiaggia","og_description":"Ein Flughafen, ein Bahnhof und gleich mehrere Autobahnausfahrten ganz in der N\u00e4he: Grado ist verkehrstechnisch hervorragend angebunden und sowohl vom Land als auch im Sommer vom Meer aus leicht erreichbar. Selbst wenn Sie kein eigenes Fahrzeug zur Verf\u00fcgung haben sollten, k\u00f6nnen Sie dennoch mit dem Bus oder dem Boot von Grado aus sch\u00f6ne Ausfl\u00fcge unternehmen. [&hellip;]","og_url":"https:\/\/www.albergoallaspiaggia.it\/de\/umgebung\/","og_site_name":"Albergo alla Spiaggia","article_modified_time":"2020-01-09T15:04:21+00:00","twitter_card":"summary_large_image","twitter_misc":{"Gesch\u00e4tzte Lesezeit":"2 Minuten"},"schema":{"@context":"https:\/\/schema.org","@graph":[{"@type":"WebPage","@id":"https:\/\/www.albergoallaspiaggia.it\/de\/umgebung\/","url":"https:\/\/www.albergoallaspiaggia.it\/de\/umgebung\/","name":"Umgebung - Albergo alla Spiaggia","isPartOf":{"@id":"https:\/\/www.albergoallaspiaggia.it\/de\/#website"},"datePublished":"2020-01-09T15:04:03+00:00","dateModified":"2020-01-09T15:04:21+00:00","breadcrumb":{"@id":"https:\/\/www.albergoallaspiaggia.it\/de\/umgebung\/#breadcrumb"},"inLanguage":"de-DE","potentialAction":[{"@type":"ReadAction","target":["https:\/\/www.albergoallaspiaggia.it\/de\/umgebung\/"]}]},{"@type":"BreadcrumbList","@id":"https:\/\/www.albergoallaspiaggia.it\/de\/umgebung\/#breadcrumb","itemListElement":[{"@type":"ListItem","position":1,"name":"Home","item":"https:\/\/www.albergoallaspiaggia.it\/de\/"},{"@type":"ListItem","position":2,"name":"Umgebung"}]},{"@type":"WebSite","@id":"https:\/\/www.albergoallaspiaggia.it\/de\/#website","url":"https:\/\/www.albergoallaspiaggia.it\/de\/","name":"Albergo alla Spiaggia","description":"Just another ms.decms.eu site","potentialAction":[{"@type":"SearchAction","target":{"@type":"EntryPoint","urlTemplate":"https:\/\/www.albergoallaspiaggia.it\/de\/?s={search_term_string}"},"query-input":{"@type":"PropertyValueSpecification","valueRequired":true,"valueName":"search_term_string"}}],"inLanguage":"de-DE"}]}},"acf":[],"_links":{"self":[{"href":"https:\/\/www.albergoallaspiaggia.it\/de\/wp-json\/wp\/v2\/pages\/674","targetHints":{"allow":["GET"]}}],"collection":[{"href":"https:\/\/www.albergoallaspiaggia.it\/de\/wp-json\/wp\/v2\/pages"}],"about":[{"href":"https:\/\/www.albergoallaspiaggia.it\/de\/wp-json\/wp\/v2\/types\/page"}],"author":[{"embeddable":true,"href":"https:\/\/www.albergoallaspiaggia.it\/de\/wp-json\/wp\/v2\/users\/7"}],"replies":[{"embeddable":true,"href":"https:\/\/www.albergoallaspiaggia.it\/de\/wp-json\/wp\/v2\/comments?post=674"}],"version-history":[{"count":0,"href":"https:\/\/www.albergoallaspiaggia.it\/de\/wp-json\/wp\/v2\/pages\/674\/revisions"}],"wp:attachment":[{"href":"https:\/\/www.albergoallaspiaggia.it\/de\/wp-json\/wp\/v2\/media?parent=674"}],"curies":[{"name":"wp","href":"https:\/\/api.w.org\/{rel}","templated":true}]}}