{"id":675,"date":"2020-01-09T15:15:46","date_gmt":"2020-01-09T15:15:46","guid":{"rendered":"http:\/\/albergo-allaspiaggia.ms.decms.eu\/?page_id=675"},"modified":"2020-01-09T15:31:58","modified_gmt":"2020-01-09T15:31:58","slug":"die-insel-grado","status":"publish","type":"page","link":"https:\/\/www.albergoallaspiaggia.it\/de\/die-insel-grado\/","title":{"rendered":"Die Insel Grado"},"content":{"rendered":"<p>Die Lagune von Grado ist ein wahres Mosaik an Erd- und Wasserflecken mit einem engmaschigen Netz an schiffbaren Kan\u00e4len, T\u00e4lern zum Fischen und schilfbedeckten Inselchen.<br \/>\n<strong>Und die Lagune von Grado<\/strong> ist einer der sch\u00f6nsten nat\u00fcrlichen Lebensr\u00e4ume der Adria und des gesamten Mittelmeers. <strong>Ein wahres Paradies f\u00fcr Naturliebhaber<\/strong>. Hier k\u00f6nnen Sie in einem gesch\u00fctzten Ambiente zahlreiche Wasservogelarten, wie Reiher, Bl\u00e4ssh\u00fchner, Stockenten, Enten, Schw\u00e4ne und Kormorane beobachten.<\/p>\n<p>In der Lagune von Grado k\u00f6nnen Sie auch die Casoni, jene typischen, mit Stroh bedeckten H\u00fctten besuchen, <strong>die einst den Fischern als Zuflucht dienten<\/strong> und heute auch als Gastst\u00e4tten genutzt werden, in denen Sie zu einem guten Glas Wein aus der DOC-Region Aquileia, dieser alten, nur wenige Kilometer im Hinterland gelegenen r\u00f6mischen Stadt, typische Fischspeisen von Grado genie\u00dfen k\u00f6nnen.<\/p>\n<p>\u00d6stlich der Lagune von Grado bietet das Naturschutzgebiet des Tals Valle Cavanata ein au\u00dfergew\u00f6hnliches Naturschauspiel, das auch auf einem einfachen und f\u00fcr alle geeigneten Weg direkt vom Albergo alla Spiaggia aus mit dem Fahrrad erkundet werden kann.<\/p>\n<p>Die <strong>Insel Grado genie\u00dft ein gem\u00e4\u00dfigtes Klima; die Durchschnittstemperatur<\/strong> im Januar betr\u00e4gt 4\u00b0C und im Juli 23\u00b0C.<\/p>\n<p>&nbsp;<\/p>\n","protected":false},"excerpt":{"rendered":"<p>Die Lagune von Grado ist ein wahres Mosaik an Erd- und Wasserflecken mit einem engmaschigen Netz an schiffbaren Kan\u00e4len, T\u00e4lern zum Fischen und schilfbedeckten Inselchen. Und die Lagune von Grado ist einer der sch\u00f6nsten nat\u00fcrlichen Lebensr\u00e4ume der Adria und des gesamten Mittelmeers. Ein wahres Paradies f\u00fcr Naturliebhaber. Hier k\u00f6nnen Sie in einem gesch\u00fctzten Ambiente zahlreiche [&hellip;]<\/p>\n","protected":false},"author":7,"featured_media":0,"parent":0,"menu_order":5,"comment_status":"closed","ping_status":"closed","template":"template-hotel.php","meta":{"footnotes":""},"class_list":["post-675","page","type-page","status-publish","hentry"],"yoast_head":"<!-- This site is optimized with the Yoast SEO plugin v26.9 - https:\/\/yoast.com\/product\/yoast-seo-wordpress\/ -->\n<title>Die Insel Grado - Albergo alla Spiaggia<\/title>\n<meta name=\"robots\" content=\"index, follow, max-snippet:-1, max-image-preview:large, max-video-preview:-1\" \/>\n<link rel=\"canonical\" href=\"https:\/\/www.albergoallaspiaggia.it\/de\/die-insel-grado\/\" \/>\n<meta property=\"og:locale\" content=\"de_DE\" \/>\n<meta property=\"og:type\" content=\"article\" \/>\n<meta property=\"og:title\" content=\"Die Insel Grado - Albergo alla Spiaggia\" \/>\n<meta property=\"og:description\" content=\"Die Lagune von Grado ist ein wahres Mosaik an Erd- und Wasserflecken mit einem engmaschigen Netz an schiffbaren Kan\u00e4len, T\u00e4lern zum Fischen und schilfbedeckten Inselchen. Und die Lagune von Grado ist einer der sch\u00f6nsten nat\u00fcrlichen Lebensr\u00e4ume der Adria und des gesamten Mittelmeers. Ein wahres Paradies f\u00fcr Naturliebhaber. Hier k\u00f6nnen Sie in einem gesch\u00fctzten Ambiente zahlreiche [&hellip;]\" \/>\n<meta property=\"og:url\" content=\"https:\/\/www.albergoallaspiaggia.it\/de\/die-insel-grado\/\" \/>\n<meta property=\"og:site_name\" content=\"Albergo alla Spiaggia\" \/>\n<meta property=\"article:modified_time\" content=\"2020-01-09T15:31:58+00:00\" \/>\n<meta name=\"twitter:card\" content=\"summary_large_image\" \/>\n<meta name=\"twitter:label1\" content=\"Gesch\u00e4tzte Lesezeit\" \/>\n\t<meta name=\"twitter:data1\" content=\"1 Minute\" \/>\n<script type=\"application\/ld+json\" class=\"yoast-schema-graph\">{\"@context\":\"https:\/\/schema.org\",\"@graph\":[{\"@type\":\"WebPage\",\"@id\":\"https:\/\/www.albergoallaspiaggia.it\/de\/die-insel-grado\/\",\"url\":\"https:\/\/www.albergoallaspiaggia.it\/de\/die-insel-grado\/\",\"name\":\"Die Insel Grado - Albergo alla Spiaggia\",\"isPartOf\":{\"@id\":\"https:\/\/www.albergoallaspiaggia.it\/de\/#website\"},\"datePublished\":\"2020-01-09T15:15:46+00:00\",\"dateModified\":\"2020-01-09T15:31:58+00:00\",\"breadcrumb\":{\"@id\":\"https:\/\/www.albergoallaspiaggia.it\/de\/die-insel-grado\/#breadcrumb\"},\"inLanguage\":\"de-DE\",\"potentialAction\":[{\"@type\":\"ReadAction\",\"target\":[\"https:\/\/www.albergoallaspiaggia.it\/de\/die-insel-grado\/\"]}]},{\"@type\":\"BreadcrumbList\",\"@id\":\"https:\/\/www.albergoallaspiaggia.it\/de\/die-insel-grado\/#breadcrumb\",\"itemListElement\":[{\"@type\":\"ListItem\",\"position\":1,\"name\":\"Home\",\"item\":\"https:\/\/www.albergoallaspiaggia.it\/de\/\"},{\"@type\":\"ListItem\",\"position\":2,\"name\":\"Die Insel Grado\"}]},{\"@type\":\"WebSite\",\"@id\":\"https:\/\/www.albergoallaspiaggia.it\/de\/#website\",\"url\":\"https:\/\/www.albergoallaspiaggia.it\/de\/\",\"name\":\"Albergo alla Spiaggia\",\"description\":\"Just another ms.decms.eu site\",\"potentialAction\":[{\"@type\":\"SearchAction\",\"target\":{\"@type\":\"EntryPoint\",\"urlTemplate\":\"https:\/\/www.albergoallaspiaggia.it\/de\/?s={search_term_string}\"},\"query-input\":{\"@type\":\"PropertyValueSpecification\",\"valueRequired\":true,\"valueName\":\"search_term_string\"}}],\"inLanguage\":\"de-DE\"}]}<\/script>\n<!-- \/ Yoast SEO plugin. -->","yoast_head_json":{"title":"Die Insel Grado - Albergo alla Spiaggia","robots":{"index":"index","follow":"follow","max-snippet":"max-snippet:-1","max-image-preview":"max-image-preview:large","max-video-preview":"max-video-preview:-1"},"canonical":"https:\/\/www.albergoallaspiaggia.it\/de\/die-insel-grado\/","og_locale":"de_DE","og_type":"article","og_title":"Die Insel Grado - Albergo alla Spiaggia","og_description":"Die Lagune von Grado ist ein wahres Mosaik an Erd- und Wasserflecken mit einem engmaschigen Netz an schiffbaren Kan\u00e4len, T\u00e4lern zum Fischen und schilfbedeckten Inselchen. Und die Lagune von Grado ist einer der sch\u00f6nsten nat\u00fcrlichen Lebensr\u00e4ume der Adria und des gesamten Mittelmeers. Ein wahres Paradies f\u00fcr Naturliebhaber. Hier k\u00f6nnen Sie in einem gesch\u00fctzten Ambiente zahlreiche [&hellip;]","og_url":"https:\/\/www.albergoallaspiaggia.it\/de\/die-insel-grado\/","og_site_name":"Albergo alla Spiaggia","article_modified_time":"2020-01-09T15:31:58+00:00","twitter_card":"summary_large_image","twitter_misc":{"Gesch\u00e4tzte Lesezeit":"1 Minute"},"schema":{"@context":"https:\/\/schema.org","@graph":[{"@type":"WebPage","@id":"https:\/\/www.albergoallaspiaggia.it\/de\/die-insel-grado\/","url":"https:\/\/www.albergoallaspiaggia.it\/de\/die-insel-grado\/","name":"Die Insel Grado - Albergo alla Spiaggia","isPartOf":{"@id":"https:\/\/www.albergoallaspiaggia.it\/de\/#website"},"datePublished":"2020-01-09T15:15:46+00:00","dateModified":"2020-01-09T15:31:58+00:00","breadcrumb":{"@id":"https:\/\/www.albergoallaspiaggia.it\/de\/die-insel-grado\/#breadcrumb"},"inLanguage":"de-DE","potentialAction":[{"@type":"ReadAction","target":["https:\/\/www.albergoallaspiaggia.it\/de\/die-insel-grado\/"]}]},{"@type":"BreadcrumbList","@id":"https:\/\/www.albergoallaspiaggia.it\/de\/die-insel-grado\/#breadcrumb","itemListElement":[{"@type":"ListItem","position":1,"name":"Home","item":"https:\/\/www.albergoallaspiaggia.it\/de\/"},{"@type":"ListItem","position":2,"name":"Die Insel Grado"}]},{"@type":"WebSite","@id":"https:\/\/www.albergoallaspiaggia.it\/de\/#website","url":"https:\/\/www.albergoallaspiaggia.it\/de\/","name":"Albergo alla Spiaggia","description":"Just another ms.decms.eu site","potentialAction":[{"@type":"SearchAction","target":{"@type":"EntryPoint","urlTemplate":"https:\/\/www.albergoallaspiaggia.it\/de\/?s={search_term_string}"},"query-input":{"@type":"PropertyValueSpecification","valueRequired":true,"valueName":"search_term_string"}}],"inLanguage":"de-DE"}]}},"acf":[],"_links":{"self":[{"href":"https:\/\/www.albergoallaspiaggia.it\/de\/wp-json\/wp\/v2\/pages\/675","targetHints":{"allow":["GET"]}}],"collection":[{"href":"https:\/\/www.albergoallaspiaggia.it\/de\/wp-json\/wp\/v2\/pages"}],"about":[{"href":"https:\/\/www.albergoallaspiaggia.it\/de\/wp-json\/wp\/v2\/types\/page"}],"author":[{"embeddable":true,"href":"https:\/\/www.albergoallaspiaggia.it\/de\/wp-json\/wp\/v2\/users\/7"}],"replies":[{"embeddable":true,"href":"https:\/\/www.albergoallaspiaggia.it\/de\/wp-json\/wp\/v2\/comments?post=675"}],"version-history":[{"count":0,"href":"https:\/\/www.albergoallaspiaggia.it\/de\/wp-json\/wp\/v2\/pages\/675\/revisions"}],"wp:attachment":[{"href":"https:\/\/www.albergoallaspiaggia.it\/de\/wp-json\/wp\/v2\/media?parent=675"}],"curies":[{"name":"wp","href":"https:\/\/api.w.org\/{rel}","templated":true}]}}