{"id":678,"date":"2020-01-09T16:00:53","date_gmt":"2020-01-09T16:00:53","guid":{"rendered":"http:\/\/albergo-allaspiaggia.ms.decms.eu\/?page_id=678"},"modified":"2020-01-09T16:01:51","modified_gmt":"2020-01-09T16:01:51","slug":"italian-hospitality-hotel","status":"publish","type":"page","link":"https:\/\/www.albergoallaspiaggia.it\/de\/italian-hospitality-hotel\/","title":{"rendered":"Italian hospitality hotel"},"content":{"rendered":"<p>Der Gro\u00dfteil der Zimmer des Hotels Albergo alla Spiaggia bietet einen herrlichen Ausblick auf das azurblaue Meer und den mit wei\u00dfen Sonnenschirmen punktierten goldenen Strand von Grado.<\/p>\n<p>An klaren Tagen reicht der Blick \u00fcber den gesamten Golf von Triest und bietet einen der sch\u00f6nsten Ausblicke im ganzen Mittelmeer.<br \/>\n<strong>All dies mit einem bis ins kleinste Detail sorgf\u00e4ltig gepflegten Komfort<\/strong>, damit Sie sich als unser Gast rundum wohlf\u00fchlen.<\/p>\n<p>Neben komfortablen und eleganten Zimmern bietet das Hotel Albergo alla Spiaggia aber auch <strong>die Ruhe und Privacy eines privaten Gartens<\/strong>, in dem Sie von morgens bis abends unendlich viele Augenblicke der Entspannung verbringen k\u00f6nnen.<\/p>\n","protected":false},"excerpt":{"rendered":"<p>Der Gro\u00dfteil der Zimmer des Hotels Albergo alla Spiaggia bietet einen herrlichen Ausblick auf das azurblaue Meer und den mit wei\u00dfen Sonnenschirmen punktierten goldenen Strand von Grado. An klaren Tagen reicht der Blick \u00fcber den gesamten Golf von Triest und bietet einen der sch\u00f6nsten Ausblicke im ganzen Mittelmeer. All dies mit einem bis ins kleinste [&hellip;]<\/p>\n","protected":false},"author":7,"featured_media":0,"parent":0,"menu_order":15,"comment_status":"closed","ping_status":"closed","template":"template-rooms.php","meta":{"footnotes":""},"class_list":["post-678","page","type-page","status-publish","hentry"],"yoast_head":"<!-- This site is optimized with the Yoast SEO plugin v26.9 - https:\/\/yoast.com\/product\/yoast-seo-wordpress\/ -->\n<title>Italian hospitality hotel - Albergo alla Spiaggia<\/title>\n<meta name=\"robots\" content=\"index, follow, max-snippet:-1, max-image-preview:large, max-video-preview:-1\" \/>\n<link rel=\"canonical\" href=\"https:\/\/www.albergoallaspiaggia.it\/de\/italian-hospitality-hotel\/\" \/>\n<meta property=\"og:locale\" content=\"de_DE\" \/>\n<meta property=\"og:type\" content=\"article\" \/>\n<meta property=\"og:title\" content=\"Italian hospitality hotel - Albergo alla Spiaggia\" \/>\n<meta property=\"og:description\" content=\"Der Gro\u00dfteil der Zimmer des Hotels Albergo alla Spiaggia bietet einen herrlichen Ausblick auf das azurblaue Meer und den mit wei\u00dfen Sonnenschirmen punktierten goldenen Strand von Grado. An klaren Tagen reicht der Blick \u00fcber den gesamten Golf von Triest und bietet einen der sch\u00f6nsten Ausblicke im ganzen Mittelmeer. All dies mit einem bis ins kleinste [&hellip;]\" \/>\n<meta property=\"og:url\" content=\"https:\/\/www.albergoallaspiaggia.it\/de\/italian-hospitality-hotel\/\" \/>\n<meta property=\"og:site_name\" content=\"Albergo alla Spiaggia\" \/>\n<meta property=\"article:modified_time\" content=\"2020-01-09T16:01:51+00:00\" \/>\n<meta name=\"twitter:card\" content=\"summary_large_image\" \/>\n<meta name=\"twitter:label1\" content=\"Gesch\u00e4tzte Lesezeit\" \/>\n\t<meta name=\"twitter:data1\" content=\"1 Minute\" \/>\n<script type=\"application\/ld+json\" class=\"yoast-schema-graph\">{\"@context\":\"https:\/\/schema.org\",\"@graph\":[{\"@type\":\"WebPage\",\"@id\":\"https:\/\/www.albergoallaspiaggia.it\/de\/italian-hospitality-hotel\/\",\"url\":\"https:\/\/www.albergoallaspiaggia.it\/de\/italian-hospitality-hotel\/\",\"name\":\"Italian hospitality hotel - Albergo alla Spiaggia\",\"isPartOf\":{\"@id\":\"https:\/\/www.albergoallaspiaggia.it\/de\/#website\"},\"datePublished\":\"2020-01-09T16:00:53+00:00\",\"dateModified\":\"2020-01-09T16:01:51+00:00\",\"breadcrumb\":{\"@id\":\"https:\/\/www.albergoallaspiaggia.it\/de\/italian-hospitality-hotel\/#breadcrumb\"},\"inLanguage\":\"de-DE\",\"potentialAction\":[{\"@type\":\"ReadAction\",\"target\":[\"https:\/\/www.albergoallaspiaggia.it\/de\/italian-hospitality-hotel\/\"]}]},{\"@type\":\"BreadcrumbList\",\"@id\":\"https:\/\/www.albergoallaspiaggia.it\/de\/italian-hospitality-hotel\/#breadcrumb\",\"itemListElement\":[{\"@type\":\"ListItem\",\"position\":1,\"name\":\"Home\",\"item\":\"https:\/\/www.albergoallaspiaggia.it\/de\/\"},{\"@type\":\"ListItem\",\"position\":2,\"name\":\"Italian hospitality hotel\"}]},{\"@type\":\"WebSite\",\"@id\":\"https:\/\/www.albergoallaspiaggia.it\/de\/#website\",\"url\":\"https:\/\/www.albergoallaspiaggia.it\/de\/\",\"name\":\"Albergo alla Spiaggia\",\"description\":\"Just another ms.decms.eu site\",\"potentialAction\":[{\"@type\":\"SearchAction\",\"target\":{\"@type\":\"EntryPoint\",\"urlTemplate\":\"https:\/\/www.albergoallaspiaggia.it\/de\/?s={search_term_string}\"},\"query-input\":{\"@type\":\"PropertyValueSpecification\",\"valueRequired\":true,\"valueName\":\"search_term_string\"}}],\"inLanguage\":\"de-DE\"}]}<\/script>\n<!-- \/ Yoast SEO plugin. -->","yoast_head_json":{"title":"Italian hospitality hotel - Albergo alla Spiaggia","robots":{"index":"index","follow":"follow","max-snippet":"max-snippet:-1","max-image-preview":"max-image-preview:large","max-video-preview":"max-video-preview:-1"},"canonical":"https:\/\/www.albergoallaspiaggia.it\/de\/italian-hospitality-hotel\/","og_locale":"de_DE","og_type":"article","og_title":"Italian hospitality hotel - Albergo alla Spiaggia","og_description":"Der Gro\u00dfteil der Zimmer des Hotels Albergo alla Spiaggia bietet einen herrlichen Ausblick auf das azurblaue Meer und den mit wei\u00dfen Sonnenschirmen punktierten goldenen Strand von Grado. An klaren Tagen reicht der Blick \u00fcber den gesamten Golf von Triest und bietet einen der sch\u00f6nsten Ausblicke im ganzen Mittelmeer. All dies mit einem bis ins kleinste [&hellip;]","og_url":"https:\/\/www.albergoallaspiaggia.it\/de\/italian-hospitality-hotel\/","og_site_name":"Albergo alla Spiaggia","article_modified_time":"2020-01-09T16:01:51+00:00","twitter_card":"summary_large_image","twitter_misc":{"Gesch\u00e4tzte Lesezeit":"1 Minute"},"schema":{"@context":"https:\/\/schema.org","@graph":[{"@type":"WebPage","@id":"https:\/\/www.albergoallaspiaggia.it\/de\/italian-hospitality-hotel\/","url":"https:\/\/www.albergoallaspiaggia.it\/de\/italian-hospitality-hotel\/","name":"Italian hospitality hotel - Albergo alla Spiaggia","isPartOf":{"@id":"https:\/\/www.albergoallaspiaggia.it\/de\/#website"},"datePublished":"2020-01-09T16:00:53+00:00","dateModified":"2020-01-09T16:01:51+00:00","breadcrumb":{"@id":"https:\/\/www.albergoallaspiaggia.it\/de\/italian-hospitality-hotel\/#breadcrumb"},"inLanguage":"de-DE","potentialAction":[{"@type":"ReadAction","target":["https:\/\/www.albergoallaspiaggia.it\/de\/italian-hospitality-hotel\/"]}]},{"@type":"BreadcrumbList","@id":"https:\/\/www.albergoallaspiaggia.it\/de\/italian-hospitality-hotel\/#breadcrumb","itemListElement":[{"@type":"ListItem","position":1,"name":"Home","item":"https:\/\/www.albergoallaspiaggia.it\/de\/"},{"@type":"ListItem","position":2,"name":"Italian hospitality hotel"}]},{"@type":"WebSite","@id":"https:\/\/www.albergoallaspiaggia.it\/de\/#website","url":"https:\/\/www.albergoallaspiaggia.it\/de\/","name":"Albergo alla Spiaggia","description":"Just another ms.decms.eu site","potentialAction":[{"@type":"SearchAction","target":{"@type":"EntryPoint","urlTemplate":"https:\/\/www.albergoallaspiaggia.it\/de\/?s={search_term_string}"},"query-input":{"@type":"PropertyValueSpecification","valueRequired":true,"valueName":"search_term_string"}}],"inLanguage":"de-DE"}]}},"acf":[],"_links":{"self":[{"href":"https:\/\/www.albergoallaspiaggia.it\/de\/wp-json\/wp\/v2\/pages\/678","targetHints":{"allow":["GET"]}}],"collection":[{"href":"https:\/\/www.albergoallaspiaggia.it\/de\/wp-json\/wp\/v2\/pages"}],"about":[{"href":"https:\/\/www.albergoallaspiaggia.it\/de\/wp-json\/wp\/v2\/types\/page"}],"author":[{"embeddable":true,"href":"https:\/\/www.albergoallaspiaggia.it\/de\/wp-json\/wp\/v2\/users\/7"}],"replies":[{"embeddable":true,"href":"https:\/\/www.albergoallaspiaggia.it\/de\/wp-json\/wp\/v2\/comments?post=678"}],"version-history":[{"count":0,"href":"https:\/\/www.albergoallaspiaggia.it\/de\/wp-json\/wp\/v2\/pages\/678\/revisions"}],"wp:attachment":[{"href":"https:\/\/www.albergoallaspiaggia.it\/de\/wp-json\/wp\/v2\/media?parent=678"}],"curies":[{"name":"wp","href":"https:\/\/api.w.org\/{rel}","templated":true}]}}