{"id":686,"date":"2020-01-10T09:02:43","date_gmt":"2020-01-10T09:02:43","guid":{"rendered":"http:\/\/albergo-allaspiaggia.ms.decms.eu\/?page_id=686"},"modified":"2020-01-10T09:49:39","modified_gmt":"2020-01-10T09:49:39","slug":"e-bike-tourism","status":"publish","type":"page","link":"https:\/\/www.albergoallaspiaggia.it\/de\/e-bike-tourism\/","title":{"rendered":"E-Bike Tourism"},"content":{"rendered":"<p><strong>Hotel Albergo alla Spiaggia<\/strong> weit mehr als nur ein einfacher Bikeurlaub.<\/p>\n<p>Erleben Sie an der Grenze zwischen Italien und Slowenien mit herrlichem Blick auf den Golf von Triest ein E-Bike-Abenteuer ganz nach Ihrer Wahl. Wir vom Hotel Albergo alla Spiaggia versorgen Sie gern mit unseren sch\u00f6nsten regionalen Touren-Vorschl\u00e4gen, die wir in 20 Jahren zusammengetragen haben. Steile Anstiege, Singletrails im Wald, atemberaubende Panoramarouten und erinnerungsw\u00fcrdige Einkehrm\u00f6glichkeiten: das und vieles mehr erwartet Sie auf dem Sattel eines E-Bikes in Begleitung eines professionellen F\u00fchrers.<\/p>\n<p><strong>Grado ist der perfekte Ausgangsort um die Sch\u00f6nheit Friaul-Julisch Venetiens zu erkunden<\/strong>. Wir m\u00f6chten, dass Ihr Bikeurlaub zu einem richtigen Ausflug auf zwei R\u00e4dern wird, \u00fcberraschend anders und unvergesslich: Deshalb gibt Ihnen unser <strong>Bikehotel<\/strong> gerne Tourentipps um Tradition, Kultur und Identit\u00e4t der Region zu &#8211; im wahrsten Sinne des Wortes &#8211; erfahren.<\/p>\n<p>Im Friaul gibt es gem\u00fctliche Radtouren <strong>durch kleine Weiler und Weinberge<\/strong> f\u00fcr Familien und Liebhaber authentischer Eindr\u00fccke, Anstiege und Abfahrten f\u00fcr versierte Mountainbiker aber auch Stra\u00dfen und die Berge des Giro d\u2019Italia f\u00fcr fitte Rennradfahrer.<\/p>\n<p>&nbsp;<\/p>\n<p style=\"text-align: center;\"><strong>Kontaktieren Sie uns:<\/strong><br \/>\nTel. +39 0431 80162 &#8211; Email info@albergoallaspiaggia.it<\/p>\n<p><img loading=\"lazy\" decoding=\"async\" class=\"alignnone size-full wp-image-486 aligncenter\" src=\"http:\/\/albergo-allaspiaggia.ms.decms.eu\/wp-content\/uploads\/sites\/73\/2019\/09\/carsotrail_logo_web.png\" alt=\"\" width=\"300\" height=\"300\" srcset=\"https:\/\/www.albergoallaspiaggia.it\/wp-content\/uploads\/sites\/73\/2019\/09\/carsotrail_logo_web.png 300w, https:\/\/www.albergoallaspiaggia.it\/wp-content\/uploads\/sites\/73\/2019\/09\/carsotrail_logo_web-150x150.png 150w\" sizes=\"auto, (max-width: 300px) 100vw, 300px\" \/><\/p>\n","protected":false},"excerpt":{"rendered":"<p>Hotel Albergo alla Spiaggia weit mehr als nur ein einfacher Bikeurlaub. Erleben Sie an der Grenze zwischen Italien und Slowenien mit herrlichem Blick auf den Golf von Triest ein E-Bike-Abenteuer ganz nach Ihrer Wahl. Wir vom Hotel Albergo alla Spiaggia versorgen Sie gern mit unseren sch\u00f6nsten regionalen Touren-Vorschl\u00e4gen, die wir in 20 Jahren zusammengetragen haben. [&hellip;]<\/p>\n","protected":false},"author":7,"featured_media":0,"parent":0,"menu_order":25,"comment_status":"closed","ping_status":"closed","template":"template-wellness.php","meta":{"footnotes":""},"class_list":["post-686","page","type-page","status-publish","hentry"],"yoast_head":"<!-- This site is optimized with the Yoast SEO plugin v26.9 - https:\/\/yoast.com\/product\/yoast-seo-wordpress\/ -->\n<title>E-Bike Tourism - Albergo alla Spiaggia<\/title>\n<meta name=\"robots\" content=\"index, follow, max-snippet:-1, max-image-preview:large, max-video-preview:-1\" \/>\n<link rel=\"canonical\" href=\"https:\/\/www.albergoallaspiaggia.it\/de\/e-bike-tourism\/\" \/>\n<meta property=\"og:locale\" content=\"de_DE\" \/>\n<meta property=\"og:type\" content=\"article\" \/>\n<meta property=\"og:title\" content=\"E-Bike Tourism - Albergo alla Spiaggia\" \/>\n<meta property=\"og:description\" content=\"Hotel Albergo alla Spiaggia weit mehr als nur ein einfacher Bikeurlaub. Erleben Sie an der Grenze zwischen Italien und Slowenien mit herrlichem Blick auf den Golf von Triest ein E-Bike-Abenteuer ganz nach Ihrer Wahl. Wir vom Hotel Albergo alla Spiaggia versorgen Sie gern mit unseren sch\u00f6nsten regionalen Touren-Vorschl\u00e4gen, die wir in 20 Jahren zusammengetragen haben. [&hellip;]\" \/>\n<meta property=\"og:url\" content=\"https:\/\/www.albergoallaspiaggia.it\/de\/e-bike-tourism\/\" \/>\n<meta property=\"og:site_name\" content=\"Albergo alla Spiaggia\" \/>\n<meta property=\"article:modified_time\" content=\"2020-01-10T09:49:39+00:00\" \/>\n<meta property=\"og:image\" content=\"http:\/\/albergo-allaspiaggia.ms.decms.eu\/wp-content\/uploads\/sites\/73\/2019\/09\/carsotrail_logo_web.png\" \/>\n<meta name=\"twitter:card\" content=\"summary_large_image\" \/>\n<meta name=\"twitter:label1\" content=\"Gesch\u00e4tzte Lesezeit\" \/>\n\t<meta name=\"twitter:data1\" content=\"1 Minute\" \/>\n<script type=\"application\/ld+json\" class=\"yoast-schema-graph\">{\"@context\":\"https:\/\/schema.org\",\"@graph\":[{\"@type\":\"WebPage\",\"@id\":\"https:\/\/www.albergoallaspiaggia.it\/de\/e-bike-tourism\/\",\"url\":\"https:\/\/www.albergoallaspiaggia.it\/de\/e-bike-tourism\/\",\"name\":\"E-Bike Tourism - Albergo alla Spiaggia\",\"isPartOf\":{\"@id\":\"https:\/\/www.albergoallaspiaggia.it\/de\/#website\"},\"primaryImageOfPage\":{\"@id\":\"https:\/\/www.albergoallaspiaggia.it\/de\/e-bike-tourism\/#primaryimage\"},\"image\":{\"@id\":\"https:\/\/www.albergoallaspiaggia.it\/de\/e-bike-tourism\/#primaryimage\"},\"thumbnailUrl\":\"http:\/\/albergo-allaspiaggia.ms.decms.eu\/wp-content\/uploads\/sites\/73\/2019\/09\/carsotrail_logo_web.png\",\"datePublished\":\"2020-01-10T09:02:43+00:00\",\"dateModified\":\"2020-01-10T09:49:39+00:00\",\"breadcrumb\":{\"@id\":\"https:\/\/www.albergoallaspiaggia.it\/de\/e-bike-tourism\/#breadcrumb\"},\"inLanguage\":\"de-DE\",\"potentialAction\":[{\"@type\":\"ReadAction\",\"target\":[\"https:\/\/www.albergoallaspiaggia.it\/de\/e-bike-tourism\/\"]}]},{\"@type\":\"ImageObject\",\"inLanguage\":\"de-DE\",\"@id\":\"https:\/\/www.albergoallaspiaggia.it\/de\/e-bike-tourism\/#primaryimage\",\"url\":\"http:\/\/albergo-allaspiaggia.ms.decms.eu\/wp-content\/uploads\/sites\/73\/2019\/09\/carsotrail_logo_web.png\",\"contentUrl\":\"http:\/\/albergo-allaspiaggia.ms.decms.eu\/wp-content\/uploads\/sites\/73\/2019\/09\/carsotrail_logo_web.png\"},{\"@type\":\"BreadcrumbList\",\"@id\":\"https:\/\/www.albergoallaspiaggia.it\/de\/e-bike-tourism\/#breadcrumb\",\"itemListElement\":[{\"@type\":\"ListItem\",\"position\":1,\"name\":\"Home\",\"item\":\"https:\/\/www.albergoallaspiaggia.it\/de\/\"},{\"@type\":\"ListItem\",\"position\":2,\"name\":\"E-Bike Tourism\"}]},{\"@type\":\"WebSite\",\"@id\":\"https:\/\/www.albergoallaspiaggia.it\/de\/#website\",\"url\":\"https:\/\/www.albergoallaspiaggia.it\/de\/\",\"name\":\"Albergo alla Spiaggia\",\"description\":\"Just another ms.decms.eu site\",\"potentialAction\":[{\"@type\":\"SearchAction\",\"target\":{\"@type\":\"EntryPoint\",\"urlTemplate\":\"https:\/\/www.albergoallaspiaggia.it\/de\/?s={search_term_string}\"},\"query-input\":{\"@type\":\"PropertyValueSpecification\",\"valueRequired\":true,\"valueName\":\"search_term_string\"}}],\"inLanguage\":\"de-DE\"}]}<\/script>\n<!-- \/ Yoast SEO plugin. -->","yoast_head_json":{"title":"E-Bike Tourism - Albergo alla Spiaggia","robots":{"index":"index","follow":"follow","max-snippet":"max-snippet:-1","max-image-preview":"max-image-preview:large","max-video-preview":"max-video-preview:-1"},"canonical":"https:\/\/www.albergoallaspiaggia.it\/de\/e-bike-tourism\/","og_locale":"de_DE","og_type":"article","og_title":"E-Bike Tourism - Albergo alla Spiaggia","og_description":"Hotel Albergo alla Spiaggia weit mehr als nur ein einfacher Bikeurlaub. Erleben Sie an der Grenze zwischen Italien und Slowenien mit herrlichem Blick auf den Golf von Triest ein E-Bike-Abenteuer ganz nach Ihrer Wahl. Wir vom Hotel Albergo alla Spiaggia versorgen Sie gern mit unseren sch\u00f6nsten regionalen Touren-Vorschl\u00e4gen, die wir in 20 Jahren zusammengetragen haben. [&hellip;]","og_url":"https:\/\/www.albergoallaspiaggia.it\/de\/e-bike-tourism\/","og_site_name":"Albergo alla Spiaggia","article_modified_time":"2020-01-10T09:49:39+00:00","og_image":[{"url":"http:\/\/albergo-allaspiaggia.ms.decms.eu\/wp-content\/uploads\/sites\/73\/2019\/09\/carsotrail_logo_web.png","type":"","width":"","height":""}],"twitter_card":"summary_large_image","twitter_misc":{"Gesch\u00e4tzte Lesezeit":"1 Minute"},"schema":{"@context":"https:\/\/schema.org","@graph":[{"@type":"WebPage","@id":"https:\/\/www.albergoallaspiaggia.it\/de\/e-bike-tourism\/","url":"https:\/\/www.albergoallaspiaggia.it\/de\/e-bike-tourism\/","name":"E-Bike Tourism - Albergo alla Spiaggia","isPartOf":{"@id":"https:\/\/www.albergoallaspiaggia.it\/de\/#website"},"primaryImageOfPage":{"@id":"https:\/\/www.albergoallaspiaggia.it\/de\/e-bike-tourism\/#primaryimage"},"image":{"@id":"https:\/\/www.albergoallaspiaggia.it\/de\/e-bike-tourism\/#primaryimage"},"thumbnailUrl":"http:\/\/albergo-allaspiaggia.ms.decms.eu\/wp-content\/uploads\/sites\/73\/2019\/09\/carsotrail_logo_web.png","datePublished":"2020-01-10T09:02:43+00:00","dateModified":"2020-01-10T09:49:39+00:00","breadcrumb":{"@id":"https:\/\/www.albergoallaspiaggia.it\/de\/e-bike-tourism\/#breadcrumb"},"inLanguage":"de-DE","potentialAction":[{"@type":"ReadAction","target":["https:\/\/www.albergoallaspiaggia.it\/de\/e-bike-tourism\/"]}]},{"@type":"ImageObject","inLanguage":"de-DE","@id":"https:\/\/www.albergoallaspiaggia.it\/de\/e-bike-tourism\/#primaryimage","url":"http:\/\/albergo-allaspiaggia.ms.decms.eu\/wp-content\/uploads\/sites\/73\/2019\/09\/carsotrail_logo_web.png","contentUrl":"http:\/\/albergo-allaspiaggia.ms.decms.eu\/wp-content\/uploads\/sites\/73\/2019\/09\/carsotrail_logo_web.png"},{"@type":"BreadcrumbList","@id":"https:\/\/www.albergoallaspiaggia.it\/de\/e-bike-tourism\/#breadcrumb","itemListElement":[{"@type":"ListItem","position":1,"name":"Home","item":"https:\/\/www.albergoallaspiaggia.it\/de\/"},{"@type":"ListItem","position":2,"name":"E-Bike Tourism"}]},{"@type":"WebSite","@id":"https:\/\/www.albergoallaspiaggia.it\/de\/#website","url":"https:\/\/www.albergoallaspiaggia.it\/de\/","name":"Albergo alla Spiaggia","description":"Just another ms.decms.eu site","potentialAction":[{"@type":"SearchAction","target":{"@type":"EntryPoint","urlTemplate":"https:\/\/www.albergoallaspiaggia.it\/de\/?s={search_term_string}"},"query-input":{"@type":"PropertyValueSpecification","valueRequired":true,"valueName":"search_term_string"}}],"inLanguage":"de-DE"}]}},"acf":[],"_links":{"self":[{"href":"https:\/\/www.albergoallaspiaggia.it\/de\/wp-json\/wp\/v2\/pages\/686","targetHints":{"allow":["GET"]}}],"collection":[{"href":"https:\/\/www.albergoallaspiaggia.it\/de\/wp-json\/wp\/v2\/pages"}],"about":[{"href":"https:\/\/www.albergoallaspiaggia.it\/de\/wp-json\/wp\/v2\/types\/page"}],"author":[{"embeddable":true,"href":"https:\/\/www.albergoallaspiaggia.it\/de\/wp-json\/wp\/v2\/users\/7"}],"replies":[{"embeddable":true,"href":"https:\/\/www.albergoallaspiaggia.it\/de\/wp-json\/wp\/v2\/comments?post=686"}],"version-history":[{"count":0,"href":"https:\/\/www.albergoallaspiaggia.it\/de\/wp-json\/wp\/v2\/pages\/686\/revisions"}],"wp:attachment":[{"href":"https:\/\/www.albergoallaspiaggia.it\/de\/wp-json\/wp\/v2\/media?parent=686"}],"curies":[{"name":"wp","href":"https:\/\/api.w.org\/{rel}","templated":true}]}}