{"id":692,"date":"2020-01-10T14:43:25","date_gmt":"2020-01-10T14:43:25","guid":{"rendered":"http:\/\/albergo-allaspiaggia.ms.decms.eu\/?page_id=692"},"modified":"2020-01-10T14:44:08","modified_gmt":"2020-01-10T14:44:08","slug":"golf-club-grado","status":"publish","type":"page","link":"https:\/\/www.albergoallaspiaggia.it\/de\/golf-destination\/golf-club-grado\/","title":{"rendered":"Golf Club Grado"},"content":{"rendered":"<p>Der Golf Club Grado, der direkt an der stimmungsvollen und unber\u00fchrten Lagune von Grado liegt, ist ein 18-Loch-Championship-Kurs.<br \/>\nDie Bahnen zeichnen sich durch die weiten Greens mit Wasserhindernissen und anspruchsvollen Bunker aus.<\/p>\n<p>Der Platz verf\u00fcgt \u00fcber eine nat\u00fcrliche Entw\u00e4sserung und ist dank des milden und einladenden Klimas von Grado ganzj\u00e4hrig ge\u00f6ffnet.<br \/>\nEs finden verschiedene hochkar\u00e4tige internationale Golfevents statt. Einsteiger, die noch nie gespielt haben, k\u00f6nnen entsprechende Schnupperkurse belegen.<br \/>\nDie Anlage verf\u00fcgt \u00fcber einen gut ausgestatteten Pro-Shop.<\/p>\n<p>Wer au\u00dferdem gerne segelt, f\u00fcr den ist sicher der direkt am Golf Club gelegene Yachthafen mit seinen mehr als 200 Liegepl\u00e4tzen interessant.<\/p>\n<p>&nbsp;<\/p>\n<p><img loading=\"lazy\" decoding=\"async\" class=\"alignnone wp-image-512\" src=\"http:\/\/albergo-allaspiaggia.ms.decms.eu\/wp-content\/uploads\/sites\/73\/2019\/09\/Logo_GolfClubGrado_-300x182.png\" alt=\"\" width=\"100\" height=\"61\" srcset=\"https:\/\/www.albergoallaspiaggia.it\/wp-content\/uploads\/sites\/73\/2019\/09\/Logo_GolfClubGrado_-300x182.png 300w, https:\/\/www.albergoallaspiaggia.it\/wp-content\/uploads\/sites\/73\/2019\/09\/Logo_GolfClubGrado_-1024x622.png 1024w, https:\/\/www.albergoallaspiaggia.it\/wp-content\/uploads\/sites\/73\/2019\/09\/Logo_GolfClubGrado_-768x467.png 768w, https:\/\/www.albergoallaspiaggia.it\/wp-content\/uploads\/sites\/73\/2019\/09\/Logo_GolfClubGrado_.png 1316w\" sizes=\"auto, (max-width: 100px) 100vw, 100px\" \/><\/p>\n","protected":false},"excerpt":{"rendered":"<p>Der Golf Club Grado, der direkt an der stimmungsvollen und unber\u00fchrten Lagune von Grado liegt, ist ein 18-Loch-Championship-Kurs. Die Bahnen zeichnen sich durch die weiten Greens mit Wasserhindernissen und anspruchsvollen Bunker aus. Der Platz verf\u00fcgt \u00fcber eine nat\u00fcrliche Entw\u00e4sserung und ist dank des milden und einladenden Klimas von Grado ganzj\u00e4hrig ge\u00f6ffnet. Es finden verschiedene hochkar\u00e4tige [&hellip;]<\/p>\n","protected":false},"author":7,"featured_media":0,"parent":687,"menu_order":0,"comment_status":"closed","ping_status":"closed","template":"template-single-room.php","meta":{"footnotes":""},"class_list":["post-692","page","type-page","status-publish","hentry"],"yoast_head":"<!-- This site is optimized with the Yoast SEO plugin v26.9 - https:\/\/yoast.com\/product\/yoast-seo-wordpress\/ -->\n<title>Golf Club Grado - Albergo alla Spiaggia<\/title>\n<meta name=\"robots\" content=\"index, follow, max-snippet:-1, max-image-preview:large, max-video-preview:-1\" \/>\n<link rel=\"canonical\" href=\"https:\/\/www.albergoallaspiaggia.it\/de\/golf-destination\/golf-club-grado\/\" \/>\n<meta property=\"og:locale\" content=\"de_DE\" \/>\n<meta property=\"og:type\" content=\"article\" \/>\n<meta property=\"og:title\" content=\"Golf Club Grado - Albergo alla Spiaggia\" \/>\n<meta property=\"og:description\" content=\"Der Golf Club Grado, der direkt an der stimmungsvollen und unber\u00fchrten Lagune von Grado liegt, ist ein 18-Loch-Championship-Kurs. Die Bahnen zeichnen sich durch die weiten Greens mit Wasserhindernissen und anspruchsvollen Bunker aus. Der Platz verf\u00fcgt \u00fcber eine nat\u00fcrliche Entw\u00e4sserung und ist dank des milden und einladenden Klimas von Grado ganzj\u00e4hrig ge\u00f6ffnet. Es finden verschiedene hochkar\u00e4tige [&hellip;]\" \/>\n<meta property=\"og:url\" content=\"https:\/\/www.albergoallaspiaggia.it\/de\/golf-destination\/golf-club-grado\/\" \/>\n<meta property=\"og:site_name\" content=\"Albergo alla Spiaggia\" \/>\n<meta property=\"article:modified_time\" content=\"2020-01-10T14:44:08+00:00\" \/>\n<meta property=\"og:image\" content=\"http:\/\/albergo-allaspiaggia.ms.decms.eu\/wp-content\/uploads\/sites\/73\/2019\/09\/Logo_GolfClubGrado_-300x182.png\" \/>\n<meta name=\"twitter:card\" content=\"summary_large_image\" \/>\n<meta name=\"twitter:label1\" content=\"Gesch\u00e4tzte Lesezeit\" \/>\n\t<meta name=\"twitter:data1\" content=\"1 Minute\" \/>\n<script type=\"application\/ld+json\" class=\"yoast-schema-graph\">{\"@context\":\"https:\/\/schema.org\",\"@graph\":[{\"@type\":\"WebPage\",\"@id\":\"https:\/\/www.albergoallaspiaggia.it\/de\/golf-destination\/golf-club-grado\/\",\"url\":\"https:\/\/www.albergoallaspiaggia.it\/de\/golf-destination\/golf-club-grado\/\",\"name\":\"Golf Club Grado - Albergo alla Spiaggia\",\"isPartOf\":{\"@id\":\"https:\/\/www.albergoallaspiaggia.it\/de\/#website\"},\"primaryImageOfPage\":{\"@id\":\"https:\/\/www.albergoallaspiaggia.it\/de\/golf-destination\/golf-club-grado\/#primaryimage\"},\"image\":{\"@id\":\"https:\/\/www.albergoallaspiaggia.it\/de\/golf-destination\/golf-club-grado\/#primaryimage\"},\"thumbnailUrl\":\"http:\/\/albergo-allaspiaggia.ms.decms.eu\/wp-content\/uploads\/sites\/73\/2019\/09\/Logo_GolfClubGrado_-300x182.png\",\"datePublished\":\"2020-01-10T14:43:25+00:00\",\"dateModified\":\"2020-01-10T14:44:08+00:00\",\"breadcrumb\":{\"@id\":\"https:\/\/www.albergoallaspiaggia.it\/de\/golf-destination\/golf-club-grado\/#breadcrumb\"},\"inLanguage\":\"de-DE\",\"potentialAction\":[{\"@type\":\"ReadAction\",\"target\":[\"https:\/\/www.albergoallaspiaggia.it\/de\/golf-destination\/golf-club-grado\/\"]}]},{\"@type\":\"ImageObject\",\"inLanguage\":\"de-DE\",\"@id\":\"https:\/\/www.albergoallaspiaggia.it\/de\/golf-destination\/golf-club-grado\/#primaryimage\",\"url\":\"http:\/\/albergo-allaspiaggia.ms.decms.eu\/wp-content\/uploads\/sites\/73\/2019\/09\/Logo_GolfClubGrado_-300x182.png\",\"contentUrl\":\"http:\/\/albergo-allaspiaggia.ms.decms.eu\/wp-content\/uploads\/sites\/73\/2019\/09\/Logo_GolfClubGrado_-300x182.png\"},{\"@type\":\"BreadcrumbList\",\"@id\":\"https:\/\/www.albergoallaspiaggia.it\/de\/golf-destination\/golf-club-grado\/#breadcrumb\",\"itemListElement\":[{\"@type\":\"ListItem\",\"position\":1,\"name\":\"Home\",\"item\":\"https:\/\/www.albergoallaspiaggia.it\/de\/\"},{\"@type\":\"ListItem\",\"position\":2,\"name\":\"Golf Destination\",\"item\":\"https:\/\/www.albergoallaspiaggia.it\/de\/golf-destination\/\"},{\"@type\":\"ListItem\",\"position\":3,\"name\":\"Golf Club Grado\"}]},{\"@type\":\"WebSite\",\"@id\":\"https:\/\/www.albergoallaspiaggia.it\/de\/#website\",\"url\":\"https:\/\/www.albergoallaspiaggia.it\/de\/\",\"name\":\"Albergo alla Spiaggia\",\"description\":\"Just another ms.decms.eu site\",\"potentialAction\":[{\"@type\":\"SearchAction\",\"target\":{\"@type\":\"EntryPoint\",\"urlTemplate\":\"https:\/\/www.albergoallaspiaggia.it\/de\/?s={search_term_string}\"},\"query-input\":{\"@type\":\"PropertyValueSpecification\",\"valueRequired\":true,\"valueName\":\"search_term_string\"}}],\"inLanguage\":\"de-DE\"}]}<\/script>\n<!-- \/ Yoast SEO plugin. -->","yoast_head_json":{"title":"Golf Club Grado - Albergo alla Spiaggia","robots":{"index":"index","follow":"follow","max-snippet":"max-snippet:-1","max-image-preview":"max-image-preview:large","max-video-preview":"max-video-preview:-1"},"canonical":"https:\/\/www.albergoallaspiaggia.it\/de\/golf-destination\/golf-club-grado\/","og_locale":"de_DE","og_type":"article","og_title":"Golf Club Grado - Albergo alla Spiaggia","og_description":"Der Golf Club Grado, der direkt an der stimmungsvollen und unber\u00fchrten Lagune von Grado liegt, ist ein 18-Loch-Championship-Kurs. Die Bahnen zeichnen sich durch die weiten Greens mit Wasserhindernissen und anspruchsvollen Bunker aus. Der Platz verf\u00fcgt \u00fcber eine nat\u00fcrliche Entw\u00e4sserung und ist dank des milden und einladenden Klimas von Grado ganzj\u00e4hrig ge\u00f6ffnet. Es finden verschiedene hochkar\u00e4tige [&hellip;]","og_url":"https:\/\/www.albergoallaspiaggia.it\/de\/golf-destination\/golf-club-grado\/","og_site_name":"Albergo alla Spiaggia","article_modified_time":"2020-01-10T14:44:08+00:00","og_image":[{"url":"http:\/\/albergo-allaspiaggia.ms.decms.eu\/wp-content\/uploads\/sites\/73\/2019\/09\/Logo_GolfClubGrado_-300x182.png","type":"","width":"","height":""}],"twitter_card":"summary_large_image","twitter_misc":{"Gesch\u00e4tzte Lesezeit":"1 Minute"},"schema":{"@context":"https:\/\/schema.org","@graph":[{"@type":"WebPage","@id":"https:\/\/www.albergoallaspiaggia.it\/de\/golf-destination\/golf-club-grado\/","url":"https:\/\/www.albergoallaspiaggia.it\/de\/golf-destination\/golf-club-grado\/","name":"Golf Club Grado - Albergo alla Spiaggia","isPartOf":{"@id":"https:\/\/www.albergoallaspiaggia.it\/de\/#website"},"primaryImageOfPage":{"@id":"https:\/\/www.albergoallaspiaggia.it\/de\/golf-destination\/golf-club-grado\/#primaryimage"},"image":{"@id":"https:\/\/www.albergoallaspiaggia.it\/de\/golf-destination\/golf-club-grado\/#primaryimage"},"thumbnailUrl":"http:\/\/albergo-allaspiaggia.ms.decms.eu\/wp-content\/uploads\/sites\/73\/2019\/09\/Logo_GolfClubGrado_-300x182.png","datePublished":"2020-01-10T14:43:25+00:00","dateModified":"2020-01-10T14:44:08+00:00","breadcrumb":{"@id":"https:\/\/www.albergoallaspiaggia.it\/de\/golf-destination\/golf-club-grado\/#breadcrumb"},"inLanguage":"de-DE","potentialAction":[{"@type":"ReadAction","target":["https:\/\/www.albergoallaspiaggia.it\/de\/golf-destination\/golf-club-grado\/"]}]},{"@type":"ImageObject","inLanguage":"de-DE","@id":"https:\/\/www.albergoallaspiaggia.it\/de\/golf-destination\/golf-club-grado\/#primaryimage","url":"http:\/\/albergo-allaspiaggia.ms.decms.eu\/wp-content\/uploads\/sites\/73\/2019\/09\/Logo_GolfClubGrado_-300x182.png","contentUrl":"http:\/\/albergo-allaspiaggia.ms.decms.eu\/wp-content\/uploads\/sites\/73\/2019\/09\/Logo_GolfClubGrado_-300x182.png"},{"@type":"BreadcrumbList","@id":"https:\/\/www.albergoallaspiaggia.it\/de\/golf-destination\/golf-club-grado\/#breadcrumb","itemListElement":[{"@type":"ListItem","position":1,"name":"Home","item":"https:\/\/www.albergoallaspiaggia.it\/de\/"},{"@type":"ListItem","position":2,"name":"Golf Destination","item":"https:\/\/www.albergoallaspiaggia.it\/de\/golf-destination\/"},{"@type":"ListItem","position":3,"name":"Golf Club Grado"}]},{"@type":"WebSite","@id":"https:\/\/www.albergoallaspiaggia.it\/de\/#website","url":"https:\/\/www.albergoallaspiaggia.it\/de\/","name":"Albergo alla Spiaggia","description":"Just another ms.decms.eu site","potentialAction":[{"@type":"SearchAction","target":{"@type":"EntryPoint","urlTemplate":"https:\/\/www.albergoallaspiaggia.it\/de\/?s={search_term_string}"},"query-input":{"@type":"PropertyValueSpecification","valueRequired":true,"valueName":"search_term_string"}}],"inLanguage":"de-DE"}]}},"acf":[],"_links":{"self":[{"href":"https:\/\/www.albergoallaspiaggia.it\/de\/wp-json\/wp\/v2\/pages\/692","targetHints":{"allow":["GET"]}}],"collection":[{"href":"https:\/\/www.albergoallaspiaggia.it\/de\/wp-json\/wp\/v2\/pages"}],"about":[{"href":"https:\/\/www.albergoallaspiaggia.it\/de\/wp-json\/wp\/v2\/types\/page"}],"author":[{"embeddable":true,"href":"https:\/\/www.albergoallaspiaggia.it\/de\/wp-json\/wp\/v2\/users\/7"}],"replies":[{"embeddable":true,"href":"https:\/\/www.albergoallaspiaggia.it\/de\/wp-json\/wp\/v2\/comments?post=692"}],"version-history":[{"count":0,"href":"https:\/\/www.albergoallaspiaggia.it\/de\/wp-json\/wp\/v2\/pages\/692\/revisions"}],"up":[{"embeddable":true,"href":"https:\/\/www.albergoallaspiaggia.it\/de\/wp-json\/wp\/v2\/pages\/687"}],"wp:attachment":[{"href":"https:\/\/www.albergoallaspiaggia.it\/de\/wp-json\/wp\/v2\/media?parent=692"}],"curies":[{"name":"wp","href":"https:\/\/api.w.org\/{rel}","templated":true}]}}