{"id":693,"date":"2020-01-10T14:50:18","date_gmt":"2020-01-10T14:50:18","guid":{"rendered":"http:\/\/albergo-allaspiaggia.ms.decms.eu\/?page_id=693"},"modified":"2020-01-10T14:54:09","modified_gmt":"2020-01-10T14:54:09","slug":"kitesurfing-sup-activity","status":"publish","type":"page","link":"https:\/\/www.albergoallaspiaggia.it\/de\/kitesurfing-sup-activity\/","title":{"rendered":"Kitesurfing &#038; Sup Activity"},"content":{"rendered":"<p>vom Anf\u00e4nger bis zum Vollprofi kommt jeder auf seine Kosten.<br \/>\nDas flache Wasser und der konstante Wind sind ideale Bedingungen, um das Kitesurfen effektiv und sicher zu lernen. <strong>Die Lagune von Grado<\/strong> bietet aber auch Fortgeschrittenen und Vollprofis perfekte Spots.<\/p>\n<p>Die <strong>Insel Grado<\/strong> ist bekannt f\u00fcr seine beiden Sideshore-Winde (Brezza und Bora) und seine beiden Onshore-Winde (Schirokko und Lebi\u0107). Die besten Monate f\u00fcr einen Kitesurfurlaub sind von April bis Juni.<\/p>\n<p>Juli ist ein \u00dcbergangsmonat; ab Mitte August weht die Bora, der Nordostwind, relativ konstant.<br \/>\nFeiner Sand, stehtiefes Flachwasser, best\u00e4ndiger Wind und keinerlei versteckte Hindernisse machen die Insel Grado zum Eldorado der Kitesurfer an der Adria.<\/p>\n<p>Wenn Sie neue Energie im Urlaub tanken m\u00f6chten oder auf der Suche nach Adrenalinkicks sind, dann schauen Sie doch einmal bei der Kiteschule kitelifegrado in Grado vorbei. Die Kiteschule bietet Kitesurfen ab 8 Jahren an und ist von April bis September ge\u00f6ffnet. Hier sind Sie in besten H\u00e4nden, <strong>denn alle Kurse werden von qualifizierten FIV- und IKO-Instruktoren gef\u00fchrt<\/strong>.<\/p>\n<p>&nbsp;<\/p>\n","protected":false},"excerpt":{"rendered":"<p>vom Anf\u00e4nger bis zum Vollprofi kommt jeder auf seine Kosten. Das flache Wasser und der konstante Wind sind ideale Bedingungen, um das Kitesurfen effektiv und sicher zu lernen. Die Lagune von Grado bietet aber auch Fortgeschrittenen und Vollprofis perfekte Spots. Die Insel Grado ist bekannt f\u00fcr seine beiden Sideshore-Winde (Brezza und Bora) und seine beiden [&hellip;]<\/p>\n","protected":false},"author":7,"featured_media":0,"parent":0,"menu_order":35,"comment_status":"closed","ping_status":"closed","template":"template-hotel.php","meta":{"footnotes":""},"class_list":["post-693","page","type-page","status-publish","hentry"],"yoast_head":"<!-- This site is optimized with the Yoast SEO plugin v26.9 - https:\/\/yoast.com\/product\/yoast-seo-wordpress\/ -->\n<title>Kitesurfing &amp; Sup Activity - Albergo alla Spiaggia<\/title>\n<meta name=\"robots\" content=\"index, follow, max-snippet:-1, max-image-preview:large, max-video-preview:-1\" \/>\n<link rel=\"canonical\" href=\"https:\/\/www.albergoallaspiaggia.it\/de\/kitesurfing-sup-activity\/\" \/>\n<meta property=\"og:locale\" content=\"de_DE\" \/>\n<meta property=\"og:type\" content=\"article\" \/>\n<meta property=\"og:title\" content=\"Kitesurfing &amp; Sup Activity - Albergo alla Spiaggia\" \/>\n<meta property=\"og:description\" content=\"vom Anf\u00e4nger bis zum Vollprofi kommt jeder auf seine Kosten. Das flache Wasser und der konstante Wind sind ideale Bedingungen, um das Kitesurfen effektiv und sicher zu lernen. Die Lagune von Grado bietet aber auch Fortgeschrittenen und Vollprofis perfekte Spots. Die Insel Grado ist bekannt f\u00fcr seine beiden Sideshore-Winde (Brezza und Bora) und seine beiden [&hellip;]\" \/>\n<meta property=\"og:url\" content=\"https:\/\/www.albergoallaspiaggia.it\/de\/kitesurfing-sup-activity\/\" \/>\n<meta property=\"og:site_name\" content=\"Albergo alla Spiaggia\" \/>\n<meta property=\"article:modified_time\" content=\"2020-01-10T14:54:09+00:00\" \/>\n<meta name=\"twitter:card\" content=\"summary_large_image\" \/>\n<meta name=\"twitter:label1\" content=\"Gesch\u00e4tzte Lesezeit\" \/>\n\t<meta name=\"twitter:data1\" content=\"1 Minute\" \/>\n<script type=\"application\/ld+json\" class=\"yoast-schema-graph\">{\"@context\":\"https:\/\/schema.org\",\"@graph\":[{\"@type\":\"WebPage\",\"@id\":\"https:\/\/www.albergoallaspiaggia.it\/de\/kitesurfing-sup-activity\/\",\"url\":\"https:\/\/www.albergoallaspiaggia.it\/de\/kitesurfing-sup-activity\/\",\"name\":\"Kitesurfing & Sup Activity - Albergo alla Spiaggia\",\"isPartOf\":{\"@id\":\"https:\/\/www.albergoallaspiaggia.it\/de\/#website\"},\"datePublished\":\"2020-01-10T14:50:18+00:00\",\"dateModified\":\"2020-01-10T14:54:09+00:00\",\"breadcrumb\":{\"@id\":\"https:\/\/www.albergoallaspiaggia.it\/de\/kitesurfing-sup-activity\/#breadcrumb\"},\"inLanguage\":\"de-DE\",\"potentialAction\":[{\"@type\":\"ReadAction\",\"target\":[\"https:\/\/www.albergoallaspiaggia.it\/de\/kitesurfing-sup-activity\/\"]}]},{\"@type\":\"BreadcrumbList\",\"@id\":\"https:\/\/www.albergoallaspiaggia.it\/de\/kitesurfing-sup-activity\/#breadcrumb\",\"itemListElement\":[{\"@type\":\"ListItem\",\"position\":1,\"name\":\"Home\",\"item\":\"https:\/\/www.albergoallaspiaggia.it\/de\/\"},{\"@type\":\"ListItem\",\"position\":2,\"name\":\"Kitesurfing &#038; Sup Activity\"}]},{\"@type\":\"WebSite\",\"@id\":\"https:\/\/www.albergoallaspiaggia.it\/de\/#website\",\"url\":\"https:\/\/www.albergoallaspiaggia.it\/de\/\",\"name\":\"Albergo alla Spiaggia\",\"description\":\"Just another ms.decms.eu site\",\"potentialAction\":[{\"@type\":\"SearchAction\",\"target\":{\"@type\":\"EntryPoint\",\"urlTemplate\":\"https:\/\/www.albergoallaspiaggia.it\/de\/?s={search_term_string}\"},\"query-input\":{\"@type\":\"PropertyValueSpecification\",\"valueRequired\":true,\"valueName\":\"search_term_string\"}}],\"inLanguage\":\"de-DE\"}]}<\/script>\n<!-- \/ Yoast SEO plugin. -->","yoast_head_json":{"title":"Kitesurfing & Sup Activity - Albergo alla Spiaggia","robots":{"index":"index","follow":"follow","max-snippet":"max-snippet:-1","max-image-preview":"max-image-preview:large","max-video-preview":"max-video-preview:-1"},"canonical":"https:\/\/www.albergoallaspiaggia.it\/de\/kitesurfing-sup-activity\/","og_locale":"de_DE","og_type":"article","og_title":"Kitesurfing & Sup Activity - Albergo alla Spiaggia","og_description":"vom Anf\u00e4nger bis zum Vollprofi kommt jeder auf seine Kosten. Das flache Wasser und der konstante Wind sind ideale Bedingungen, um das Kitesurfen effektiv und sicher zu lernen. Die Lagune von Grado bietet aber auch Fortgeschrittenen und Vollprofis perfekte Spots. Die Insel Grado ist bekannt f\u00fcr seine beiden Sideshore-Winde (Brezza und Bora) und seine beiden [&hellip;]","og_url":"https:\/\/www.albergoallaspiaggia.it\/de\/kitesurfing-sup-activity\/","og_site_name":"Albergo alla Spiaggia","article_modified_time":"2020-01-10T14:54:09+00:00","twitter_card":"summary_large_image","twitter_misc":{"Gesch\u00e4tzte Lesezeit":"1 Minute"},"schema":{"@context":"https:\/\/schema.org","@graph":[{"@type":"WebPage","@id":"https:\/\/www.albergoallaspiaggia.it\/de\/kitesurfing-sup-activity\/","url":"https:\/\/www.albergoallaspiaggia.it\/de\/kitesurfing-sup-activity\/","name":"Kitesurfing & Sup Activity - Albergo alla Spiaggia","isPartOf":{"@id":"https:\/\/www.albergoallaspiaggia.it\/de\/#website"},"datePublished":"2020-01-10T14:50:18+00:00","dateModified":"2020-01-10T14:54:09+00:00","breadcrumb":{"@id":"https:\/\/www.albergoallaspiaggia.it\/de\/kitesurfing-sup-activity\/#breadcrumb"},"inLanguage":"de-DE","potentialAction":[{"@type":"ReadAction","target":["https:\/\/www.albergoallaspiaggia.it\/de\/kitesurfing-sup-activity\/"]}]},{"@type":"BreadcrumbList","@id":"https:\/\/www.albergoallaspiaggia.it\/de\/kitesurfing-sup-activity\/#breadcrumb","itemListElement":[{"@type":"ListItem","position":1,"name":"Home","item":"https:\/\/www.albergoallaspiaggia.it\/de\/"},{"@type":"ListItem","position":2,"name":"Kitesurfing &#038; Sup Activity"}]},{"@type":"WebSite","@id":"https:\/\/www.albergoallaspiaggia.it\/de\/#website","url":"https:\/\/www.albergoallaspiaggia.it\/de\/","name":"Albergo alla Spiaggia","description":"Just another ms.decms.eu site","potentialAction":[{"@type":"SearchAction","target":{"@type":"EntryPoint","urlTemplate":"https:\/\/www.albergoallaspiaggia.it\/de\/?s={search_term_string}"},"query-input":{"@type":"PropertyValueSpecification","valueRequired":true,"valueName":"search_term_string"}}],"inLanguage":"de-DE"}]}},"acf":[],"_links":{"self":[{"href":"https:\/\/www.albergoallaspiaggia.it\/de\/wp-json\/wp\/v2\/pages\/693","targetHints":{"allow":["GET"]}}],"collection":[{"href":"https:\/\/www.albergoallaspiaggia.it\/de\/wp-json\/wp\/v2\/pages"}],"about":[{"href":"https:\/\/www.albergoallaspiaggia.it\/de\/wp-json\/wp\/v2\/types\/page"}],"author":[{"embeddable":true,"href":"https:\/\/www.albergoallaspiaggia.it\/de\/wp-json\/wp\/v2\/users\/7"}],"replies":[{"embeddable":true,"href":"https:\/\/www.albergoallaspiaggia.it\/de\/wp-json\/wp\/v2\/comments?post=693"}],"version-history":[{"count":0,"href":"https:\/\/www.albergoallaspiaggia.it\/de\/wp-json\/wp\/v2\/pages\/693\/revisions"}],"wp:attachment":[{"href":"https:\/\/www.albergoallaspiaggia.it\/de\/wp-json\/wp\/v2\/media?parent=693"}],"curies":[{"name":"wp","href":"https:\/\/api.w.org\/{rel}","templated":true}]}}