{"id":694,"date":"2020-01-10T14:58:50","date_gmt":"2020-01-10T14:58:50","guid":{"rendered":"http:\/\/albergo-allaspiaggia.ms.decms.eu\/?page_id=694"},"modified":"2021-08-02T08:16:03","modified_gmt":"2021-08-02T08:16:03","slug":"lounge-bar","status":"publish","type":"page","link":"https:\/\/www.albergoallaspiaggia.it\/de\/lounge-bar\/","title":{"rendered":"Lounge Bar"},"content":{"rendered":"<p>Auf die hoteleigene Enothek ist das <strong>Hotel Albergo alla Spiaggia in Grado besonders stolz<\/strong>. Sie entspringt einer tiefen Leidenschaft f\u00fcr Wein und der stetigen Suche nach den besten Etiketten im internationalen Weinpanorama. Das Ergebnis ist ein reichhaltiges Angebot, das alle Geschm\u00e4cker zufriedenstellt.<\/p>\n<p>Hier k\u00f6nnen Sie <strong>erstklassige Weine aus<\/strong> Friaul-Julisch Venetien, die besten Etiketten europ\u00e4ischer Spitzenterroirs, hochkar\u00e4tige Champagner der bekanntesten Marken sowie edle Destillate f\u00fcr wahre Kenner verkosten. Im besten Sinne eine Reise durch die Trinkkultur, die Jahr f\u00fcr Jahr mit stets neuen Angeboten bereichert wird.<\/p>\n<p>Der Loungebereich im Freien gleicht einer B\u00fchne; ein Garten, in dem Sie zwischen Himmel und Erde die Seele baumeln lassen k\u00f6nnen.<\/p>\n<p><strong>Gerne servieren wir Ihnen hier aus<\/strong> unserer gro\u00dfen Auswahl einen der weltweit besten Gins &#8211; pur oder als Cocktail nach unserem hauseigenen Geheimrezept.<\/p>\n<p>&nbsp;<\/p>\n<p style=\"text-align: center\"><a href=\"https:\/\/www.albergoallaspiaggia.it\/cocktails-list-2021-albergo-alla-spiaggia\" target=\"_blank\" rel=\"noopener noreferrer\"><img loading=\"lazy\" decoding=\"async\" class=\"alignnone size-medium wp-image-787\" src=\"https:\/\/www.albergoallaspiaggia.it\/wp-content\/uploads\/sites\/73\/2020\/05\/pdf-icons-231x300.png\" alt=\"\" width=\"50\" height=\"65\" srcset=\"https:\/\/www.albergoallaspiaggia.it\/wp-content\/uploads\/sites\/73\/2020\/05\/pdf-icons-231x300.png 231w, https:\/\/www.albergoallaspiaggia.it\/wp-content\/uploads\/sites\/73\/2020\/05\/pdf-icons.png 300w\" sizes=\"auto, (max-width: 50px) 100vw, 50px\" \/><\/a><\/p>\n<p style=\"text-align: center\"><a href=\"https:\/\/www.albergoallaspiaggia.it\/cocktails-list-2021-albergo-alla-spiaggia\">Listino Drink and Cocktails<\/a><\/p>\n<p>&nbsp;<\/p>\n<p><strong>Starting from 11 a.m. : &#8222;LA PAUSA&#8220;<\/strong> <strong>Kitchen.\u00a0<\/strong> Eggs, Salads, Sandwiches, Fish, Cheese&#8230;&#8230;Pure Deliciousness!<\/p>\n<p>&nbsp;<\/p>\n<p style=\"text-align: center\"><a href=\"https:\/\/www.albergoallaspiaggia.it\/albergo-alla-spiaggia-food-menu\" target=\"_blank\" rel=\"noopener noreferrer\"><img loading=\"lazy\" decoding=\"async\" class=\"aligncenter wp-image-787 size-thumbnail\" src=\"https:\/\/www.albergoallaspiaggia.it\/wp-content\/uploads\/sites\/73\/2020\/05\/pdf-icons-150x150.png\" alt=\"\" width=\"50\" height=\"65\" srcset=\"https:\/\/www.albergoallaspiaggia.it\/wp-content\/uploads\/sites\/73\/2020\/05\/pdf-icons-231x300.png 231w, https:\/\/www.albergoallaspiaggia.it\/wp-content\/uploads\/sites\/73\/2020\/05\/pdf-icons.png 300w\" sizes=\"auto, (max-width: 50px) 100vw, 50px\" \/><\/a><\/p>\n<p style=\"text-align: center\"><a href=\"https:\/\/www.albergoallaspiaggia.it\/albergo-alla-spiaggia-food-menu\" target=\"_blank\" rel=\"noopener\">Men\u00f9-La-Pausa<\/a><\/p>\n","protected":false},"excerpt":{"rendered":"<p>Auf die hoteleigene Enothek ist das Hotel Albergo alla Spiaggia in Grado besonders stolz. Sie entspringt einer tiefen Leidenschaft f\u00fcr Wein und der stetigen Suche nach den besten Etiketten im internationalen Weinpanorama. Das Ergebnis ist ein reichhaltiges Angebot, das alle Geschm\u00e4cker zufriedenstellt. Hier k\u00f6nnen Sie erstklassige Weine aus Friaul-Julisch Venetien, die besten Etiketten europ\u00e4ischer Spitzenterroirs, [&hellip;]<\/p>\n","protected":false},"author":7,"featured_media":0,"parent":0,"menu_order":50,"comment_status":"closed","ping_status":"closed","template":"template-wellness.php","meta":{"footnotes":""},"class_list":["post-694","page","type-page","status-publish","hentry"],"yoast_head":"<!-- This site is optimized with the Yoast SEO plugin v26.9 - https:\/\/yoast.com\/product\/yoast-seo-wordpress\/ -->\n<title>Lounge Bar - Albergo alla Spiaggia<\/title>\n<meta name=\"robots\" content=\"index, follow, max-snippet:-1, max-image-preview:large, max-video-preview:-1\" \/>\n<link rel=\"canonical\" href=\"https:\/\/www.albergoallaspiaggia.it\/de\/lounge-bar\/\" \/>\n<meta property=\"og:locale\" content=\"de_DE\" \/>\n<meta property=\"og:type\" content=\"article\" \/>\n<meta property=\"og:title\" content=\"Lounge Bar - Albergo alla Spiaggia\" \/>\n<meta property=\"og:description\" content=\"Auf die hoteleigene Enothek ist das Hotel Albergo alla Spiaggia in Grado besonders stolz. Sie entspringt einer tiefen Leidenschaft f\u00fcr Wein und der stetigen Suche nach den besten Etiketten im internationalen Weinpanorama. Das Ergebnis ist ein reichhaltiges Angebot, das alle Geschm\u00e4cker zufriedenstellt. Hier k\u00f6nnen Sie erstklassige Weine aus Friaul-Julisch Venetien, die besten Etiketten europ\u00e4ischer Spitzenterroirs, [&hellip;]\" \/>\n<meta property=\"og:url\" content=\"https:\/\/www.albergoallaspiaggia.it\/de\/lounge-bar\/\" \/>\n<meta property=\"og:site_name\" content=\"Albergo alla Spiaggia\" \/>\n<meta property=\"article:modified_time\" content=\"2021-08-02T08:16:03+00:00\" \/>\n<meta property=\"og:image\" content=\"https:\/\/www.albergoallaspiaggia.it\/wp-content\/uploads\/sites\/73\/2020\/05\/pdf-icons-231x300.png\" \/>\n<meta name=\"twitter:card\" content=\"summary_large_image\" \/>\n<meta name=\"twitter:label1\" content=\"Gesch\u00e4tzte Lesezeit\" \/>\n\t<meta name=\"twitter:data1\" content=\"1 Minute\" \/>\n<script type=\"application\/ld+json\" class=\"yoast-schema-graph\">{\"@context\":\"https:\/\/schema.org\",\"@graph\":[{\"@type\":\"WebPage\",\"@id\":\"https:\/\/www.albergoallaspiaggia.it\/de\/lounge-bar\/\",\"url\":\"https:\/\/www.albergoallaspiaggia.it\/de\/lounge-bar\/\",\"name\":\"Lounge Bar - Albergo alla Spiaggia\",\"isPartOf\":{\"@id\":\"https:\/\/www.albergoallaspiaggia.it\/de\/#website\"},\"primaryImageOfPage\":{\"@id\":\"https:\/\/www.albergoallaspiaggia.it\/de\/lounge-bar\/#primaryimage\"},\"image\":{\"@id\":\"https:\/\/www.albergoallaspiaggia.it\/de\/lounge-bar\/#primaryimage\"},\"thumbnailUrl\":\"https:\/\/www.albergoallaspiaggia.it\/wp-content\/uploads\/sites\/73\/2020\/05\/pdf-icons-231x300.png\",\"datePublished\":\"2020-01-10T14:58:50+00:00\",\"dateModified\":\"2021-08-02T08:16:03+00:00\",\"breadcrumb\":{\"@id\":\"https:\/\/www.albergoallaspiaggia.it\/de\/lounge-bar\/#breadcrumb\"},\"inLanguage\":\"de-DE\",\"potentialAction\":[{\"@type\":\"ReadAction\",\"target\":[\"https:\/\/www.albergoallaspiaggia.it\/de\/lounge-bar\/\"]}]},{\"@type\":\"ImageObject\",\"inLanguage\":\"de-DE\",\"@id\":\"https:\/\/www.albergoallaspiaggia.it\/de\/lounge-bar\/#primaryimage\",\"url\":\"https:\/\/www.albergoallaspiaggia.it\/wp-content\/uploads\/sites\/73\/2020\/05\/pdf-icons-231x300.png\",\"contentUrl\":\"https:\/\/www.albergoallaspiaggia.it\/wp-content\/uploads\/sites\/73\/2020\/05\/pdf-icons-231x300.png\"},{\"@type\":\"BreadcrumbList\",\"@id\":\"https:\/\/www.albergoallaspiaggia.it\/de\/lounge-bar\/#breadcrumb\",\"itemListElement\":[{\"@type\":\"ListItem\",\"position\":1,\"name\":\"Home\",\"item\":\"https:\/\/www.albergoallaspiaggia.it\/de\/\"},{\"@type\":\"ListItem\",\"position\":2,\"name\":\"Lounge Bar\"}]},{\"@type\":\"WebSite\",\"@id\":\"https:\/\/www.albergoallaspiaggia.it\/de\/#website\",\"url\":\"https:\/\/www.albergoallaspiaggia.it\/de\/\",\"name\":\"Albergo alla Spiaggia\",\"description\":\"Just another ms.decms.eu site\",\"potentialAction\":[{\"@type\":\"SearchAction\",\"target\":{\"@type\":\"EntryPoint\",\"urlTemplate\":\"https:\/\/www.albergoallaspiaggia.it\/de\/?s={search_term_string}\"},\"query-input\":{\"@type\":\"PropertyValueSpecification\",\"valueRequired\":true,\"valueName\":\"search_term_string\"}}],\"inLanguage\":\"de-DE\"}]}<\/script>\n<!-- \/ Yoast SEO plugin. -->","yoast_head_json":{"title":"Lounge Bar - Albergo alla Spiaggia","robots":{"index":"index","follow":"follow","max-snippet":"max-snippet:-1","max-image-preview":"max-image-preview:large","max-video-preview":"max-video-preview:-1"},"canonical":"https:\/\/www.albergoallaspiaggia.it\/de\/lounge-bar\/","og_locale":"de_DE","og_type":"article","og_title":"Lounge Bar - Albergo alla Spiaggia","og_description":"Auf die hoteleigene Enothek ist das Hotel Albergo alla Spiaggia in Grado besonders stolz. Sie entspringt einer tiefen Leidenschaft f\u00fcr Wein und der stetigen Suche nach den besten Etiketten im internationalen Weinpanorama. Das Ergebnis ist ein reichhaltiges Angebot, das alle Geschm\u00e4cker zufriedenstellt. Hier k\u00f6nnen Sie erstklassige Weine aus Friaul-Julisch Venetien, die besten Etiketten europ\u00e4ischer Spitzenterroirs, [&hellip;]","og_url":"https:\/\/www.albergoallaspiaggia.it\/de\/lounge-bar\/","og_site_name":"Albergo alla Spiaggia","article_modified_time":"2021-08-02T08:16:03+00:00","og_image":[{"url":"https:\/\/www.albergoallaspiaggia.it\/wp-content\/uploads\/sites\/73\/2020\/05\/pdf-icons-231x300.png","type":"","width":"","height":""}],"twitter_card":"summary_large_image","twitter_misc":{"Gesch\u00e4tzte Lesezeit":"1 Minute"},"schema":{"@context":"https:\/\/schema.org","@graph":[{"@type":"WebPage","@id":"https:\/\/www.albergoallaspiaggia.it\/de\/lounge-bar\/","url":"https:\/\/www.albergoallaspiaggia.it\/de\/lounge-bar\/","name":"Lounge Bar - Albergo alla Spiaggia","isPartOf":{"@id":"https:\/\/www.albergoallaspiaggia.it\/de\/#website"},"primaryImageOfPage":{"@id":"https:\/\/www.albergoallaspiaggia.it\/de\/lounge-bar\/#primaryimage"},"image":{"@id":"https:\/\/www.albergoallaspiaggia.it\/de\/lounge-bar\/#primaryimage"},"thumbnailUrl":"https:\/\/www.albergoallaspiaggia.it\/wp-content\/uploads\/sites\/73\/2020\/05\/pdf-icons-231x300.png","datePublished":"2020-01-10T14:58:50+00:00","dateModified":"2021-08-02T08:16:03+00:00","breadcrumb":{"@id":"https:\/\/www.albergoallaspiaggia.it\/de\/lounge-bar\/#breadcrumb"},"inLanguage":"de-DE","potentialAction":[{"@type":"ReadAction","target":["https:\/\/www.albergoallaspiaggia.it\/de\/lounge-bar\/"]}]},{"@type":"ImageObject","inLanguage":"de-DE","@id":"https:\/\/www.albergoallaspiaggia.it\/de\/lounge-bar\/#primaryimage","url":"https:\/\/www.albergoallaspiaggia.it\/wp-content\/uploads\/sites\/73\/2020\/05\/pdf-icons-231x300.png","contentUrl":"https:\/\/www.albergoallaspiaggia.it\/wp-content\/uploads\/sites\/73\/2020\/05\/pdf-icons-231x300.png"},{"@type":"BreadcrumbList","@id":"https:\/\/www.albergoallaspiaggia.it\/de\/lounge-bar\/#breadcrumb","itemListElement":[{"@type":"ListItem","position":1,"name":"Home","item":"https:\/\/www.albergoallaspiaggia.it\/de\/"},{"@type":"ListItem","position":2,"name":"Lounge Bar"}]},{"@type":"WebSite","@id":"https:\/\/www.albergoallaspiaggia.it\/de\/#website","url":"https:\/\/www.albergoallaspiaggia.it\/de\/","name":"Albergo alla Spiaggia","description":"Just another ms.decms.eu site","potentialAction":[{"@type":"SearchAction","target":{"@type":"EntryPoint","urlTemplate":"https:\/\/www.albergoallaspiaggia.it\/de\/?s={search_term_string}"},"query-input":{"@type":"PropertyValueSpecification","valueRequired":true,"valueName":"search_term_string"}}],"inLanguage":"de-DE"}]}},"acf":[],"_links":{"self":[{"href":"https:\/\/www.albergoallaspiaggia.it\/de\/wp-json\/wp\/v2\/pages\/694","targetHints":{"allow":["GET"]}}],"collection":[{"href":"https:\/\/www.albergoallaspiaggia.it\/de\/wp-json\/wp\/v2\/pages"}],"about":[{"href":"https:\/\/www.albergoallaspiaggia.it\/de\/wp-json\/wp\/v2\/types\/page"}],"author":[{"embeddable":true,"href":"https:\/\/www.albergoallaspiaggia.it\/de\/wp-json\/wp\/v2\/users\/7"}],"replies":[{"embeddable":true,"href":"https:\/\/www.albergoallaspiaggia.it\/de\/wp-json\/wp\/v2\/comments?post=694"}],"version-history":[{"count":0,"href":"https:\/\/www.albergoallaspiaggia.it\/de\/wp-json\/wp\/v2\/pages\/694\/revisions"}],"wp:attachment":[{"href":"https:\/\/www.albergoallaspiaggia.it\/de\/wp-json\/wp\/v2\/media?parent=694"}],"curies":[{"name":"wp","href":"https:\/\/api.w.org\/{rel}","templated":true}]}}